{"id":22,"date":"2023-08-09T11:32:36","date_gmt":"2023-08-09T09:32:36","guid":{"rendered":"https:\/\/wordpress.vecurosoft.com\/kiddino\/?page_id=22"},"modified":"2025-06-15T11:46:22","modified_gmt":"2025-06-15T11:46:22","slug":"contact","status":"publish","type":"page","link":"https:\/\/censenegal.com\/en\/contact\/","title":{"rendered":"Contact"},"content":{"rendered":"<div data-elementor-type=\"wp-page\" data-elementor-id=\"22\" class=\"elementor elementor-22\" data-elementor-post-type=\"page\">\n\t\t\t\t\t\t<section class=\"elementor-section elementor-top-section elementor-element elementor-element-02bfe09 elementor-section-boxed elementor-section-height-default elementor-section-height-default\" data-id=\"02bfe09\" data-element_type=\"section\">\n\t\t\t\t\t\t<div class=\"elementor-container elementor-column-gap-default\">\n\t\t\t\t\t<div class=\"elementor-column elementor-col-100 elementor-top-column elementor-element elementor-element-ca6e4f7\" data-id=\"ca6e4f7\" data-element_type=\"column\">\n\t\t\t<div class=\"elementor-widget-wrap elementor-element-populated\">\n\t\t\t\t\t\t<section class=\"elementor-section elementor-inner-section elementor-element elementor-element-56185f3 elementor-section-content-middle elementor-section-boxed elementor-section-height-default elementor-section-height-default\" data-id=\"56185f3\" data-element_type=\"section\">\n\t\t\t\t\t\t<div class=\"elementor-container elementor-column-gap-no\">\n\t\t\t\t\t<div class=\"elementor-column elementor-col-50 elementor-inner-column elementor-element elementor-element-d3b4209\" data-id=\"d3b4209\" data-element_type=\"column\">\n\t\t\t<div class=\"elementor-widget-wrap elementor-element-populated\">\n\t\t\t\t\t\t<div class=\"elementor-element elementor-element-0db1831 elementor-widget elementor-widget-kiddinosectiontitle\" data-id=\"0db1831\" data-element_type=\"widget\" data-widget_type=\"kiddinosectiontitle.default\">\n\t\t\t\t<div class=\"elementor-widget-container\">\n\t\t\t\t\t<!-- Section Title --><div class=\"title-area\" ><span class=\"sec-subtitle\">Do you have any questions? \n\n<\/span><h2 class=\"sec-title title-selector\">Don't hesitate to contact us! <\/h2><p class=\"sec-text\">\n<\/p><\/div><!-- End Section Title -->\t\t\t\t<\/div>\n\t\t\t\t<\/div>\n\t\t\t\t<div class=\"elementor-element elementor-element-3d9b9fc elementor-widget elementor-widget-shortcode\" data-id=\"3d9b9fc\" data-element_type=\"widget\" data-widget_type=\"shortcode.default\">\n\t\t\t\t<div class=\"elementor-widget-container\">\n\t\t\t\t\t\t\t<div class=\"elementor-shortcode\">\n<div class=\"wpcf7 no-js\" id=\"wpcf7-f2339-o1\" lang=\"en-US\" dir=\"ltr\" data-wpcf7-id=\"2339\">\n<div class=\"screen-reader-response\"><p role=\"status\" aria-live=\"polite\" aria-atomic=\"true\"><\/p> <ul><\/ul><\/div>\n<form action=\"\/en\/wp-json\/wp\/v2\/pages\/22#wpcf7-f2339-o1\" method=\"post\" class=\"wpcf7-form init\" aria-label=\"Contact form\" novalidate=\"novalidate\" data-status=\"init\" data-trp-original-action=\"\/en\/wp-json\/wp\/v2\/pages\/22#wpcf7-f2339-o1\">\n<div style=\"display: none;\">\n<input type=\"hidden\" name=\"_wpcf7\" value=\"2339\" \/>\n<input type=\"hidden\" name=\"_wpcf7_version\" value=\"6.0.6\" \/>\n<input type=\"hidden\" name=\"_wpcf7_locale\" value=\"en_US\" \/>\n<input type=\"hidden\" name=\"_wpcf7_unit_tag\" value=\"wpcf7-f2339-o1\" \/>\n<input type=\"hidden\" name=\"_wpcf7_container_post\" value=\"0\" \/>\n<input type=\"hidden\" name=\"_wpcf7_posted_data_hash\" value=\"\" \/>\n<\/div>\n<div class=\"form-style3 layout2\">\n    <div class=\"row justify-content-between\">\n        <div class=\"col-md-6 form-group\">\n            <label>First name <span class=\"required\">*<\/span><\/label>\n            <span class=\"wpcf7-form-control-wrap\" data-name=\"firstname\"><input size=\"40\" maxlength=\"400\" class=\"wpcf7-form-control wpcf7-text wpcf7-validates-as-required\" aria-required=\"true\" aria-invalid=\"false\" placeholder=\"Your first name\" value=\"\" type=\"text\" name=\"firstname\" \/><\/span>\n        <\/div>\n\n        <div class=\"col-md-6 form-group\">\n            <label>Name <span class=\"required\">*<\/span><\/label>\n            <span class=\"wpcf7-form-control-wrap\" data-name=\"lastname\"><input size=\"40\" maxlength=\"400\" class=\"wpcf7-form-control wpcf7-text wpcf7-validates-as-required\" aria-required=\"true\" aria-invalid=\"false\" placeholder=\"Your name\" value=\"\" type=\"text\" name=\"lastname\" \/><\/span>\n        <\/div>\n\n        <div class=\"col-md-6 form-group\">\n            <label>Email<\/label>\n            <span class=\"wpcf7-form-control-wrap\" data-name=\"email-address\"><input size=\"40\" maxlength=\"400\" class=\"wpcf7-form-control wpcf7-email wpcf7-text wpcf7-validates-as-email\" aria-invalid=\"false\" placeholder=\"exemple@email.com\" value=\"\" type=\"email\" name=\"email-address\" \/><\/span>\n        <\/div>\n\n        <div class=\"col-md-6 form-group\">\n            <label>Phone <span class=\"required\">*<\/span><\/label>\n            <span class=\"wpcf7-form-control-wrap\" data-name=\"phone-number\"><input size=\"40\" maxlength=\"400\" class=\"wpcf7-form-control wpcf7-tel wpcf7-validates-as-required wpcf7-text wpcf7-validates-as-tel\" aria-required=\"true\" aria-invalid=\"false\" placeholder=\"e.g.: +221 77 123 45 67\" value=\"\" type=\"tel\" name=\"phone-number\" \/><\/span>\n        <\/div>\n\n        <div class=\"col-md-12 form-group\">\n            <label>Message<\/label>\n            <span class=\"wpcf7-form-control-wrap\" data-name=\"your-message\"><textarea cols=\"40\" rows=\"10\" maxlength=\"2000\" class=\"wpcf7-form-control wpcf7-textarea\" aria-invalid=\"false\" placeholder=\"Your message...\" name=\"your-message\"><\/textarea><\/span>\n        <\/div>\n\n        <div class=\"col-auto form-group\">\n            <input class=\"wpcf7-form-control wpcf7-submit has-spinner vs-btn\" type=\"submit\" value=\"Send\" \/>\n        <\/div>\n    <\/div>\n<\/div><div class=\"wpcf7-response-output\" aria-hidden=\"true\"><\/div>\n<input type=\"hidden\" name=\"trp-form-language\" value=\"en\"\/><\/form>\n<\/div>\n<\/div>\n\t\t\t\t\t\t<\/div>\n\t\t\t\t<\/div>\n\t\t\t\t\t<\/div>\n\t\t<\/div>\n\t\t\t\t<div class=\"elementor-column elementor-col-50 elementor-inner-column elementor-element elementor-element-8a68297\" data-id=\"8a68297\" data-element_type=\"column\">\n\t\t\t<div class=\"elementor-widget-wrap elementor-element-populated\">\n\t\t\t\t\t\t<div class=\"elementor-element elementor-element-f62ecc8 elementor-widget elementor-widget-image\" data-id=\"f62ecc8\" data-element_type=\"widget\" data-widget_type=\"image.default\">\n\t\t\t\t<div class=\"elementor-widget-container\">\n\t\t\t\t\t\t\t\t\t\t\t\t\t\t\t<img fetchpriority=\"high\" decoding=\"async\" width=\"512\" height=\"512\" src=\"https:\/\/censenegal.com\/wp-content\/uploads\/2025\/04\/nous-contacter-.png\" class=\"attachment-large size-large wp-image-5913\" alt=\"\" srcset=\"https:\/\/censenegal.com\/wp-content\/uploads\/2025\/04\/nous-contacter-.png 512w, https:\/\/censenegal.com\/wp-content\/uploads\/2025\/04\/nous-contacter--300x300.png 300w, https:\/\/censenegal.com\/wp-content\/uploads\/2025\/04\/nous-contacter--150x150.png 150w, https:\/\/censenegal.com\/wp-content\/uploads\/2025\/04\/nous-contacter--100x100.png 100w, https:\/\/censenegal.com\/wp-content\/uploads\/2025\/04\/nous-contacter--230x230.png 230w, https:\/\/censenegal.com\/wp-content\/uploads\/2025\/04\/nous-contacter--460x460.png 460w\" sizes=\"(max-width: 512px) 100vw, 512px\" \/>\t\t\t\t\t\t\t\t\t\t\t\t\t\t\t<\/div>\n\t\t\t\t<\/div>\n\t\t\t\t\t<\/div>\n\t\t<\/div>\n\t\t\t\t\t<\/div>\n\t\t<\/section>\n\t\t\t\t\t<\/div>\n\t\t<\/div>\n\t\t\t\t\t<\/div>\n\t\t<\/section>\n\t\t\t\t<section class=\"elementor-section elementor-top-section elementor-element elementor-element-8123084 elementor-section-full_width elementor-section-stretched elementor-section-height-default elementor-section-height-default\" data-id=\"8123084\" data-element_type=\"section\" data-settings=\"{&quot;stretch_section&quot;:&quot;section-stretched&quot;}\">\n\t\t\t\t\t\t<div class=\"elementor-container elementor-column-gap-no\">\n\t\t\t\t\t<div class=\"elementor-column elementor-col-100 elementor-top-column elementor-element elementor-element-d626720\" data-id=\"d626720\" data-element_type=\"column\">\n\t\t\t<div class=\"elementor-widget-wrap elementor-element-populated\">\n\t\t\t\t\t\t<section class=\"elementor-section elementor-inner-section elementor-element elementor-element-9335498 elementor-section-content-middle elementor-section-boxed elementor-section-height-default elementor-section-height-default\" data-id=\"9335498\" data-element_type=\"section\">\n\t\t\t\t\t\t<div class=\"elementor-container elementor-column-gap-no\">\n\t\t\t\t\t<div class=\"elementor-column elementor-col-100 elementor-inner-column elementor-element elementor-element-34c0ece\" data-id=\"34c0ece\" data-element_type=\"column\">\n\t\t\t<div class=\"elementor-widget-wrap elementor-element-populated\">\n\t\t\t\t\t\t<div class=\"elementor-element elementor-element-61e2ad1 elementor-widget elementor-widget-google_maps\" data-id=\"61e2ad1\" data-element_type=\"widget\" data-widget_type=\"google_maps.default\">\n\t\t\t\t<div class=\"elementor-widget-container\">\n\t\t\t\t\t\t\t<div class=\"elementor-custom-embed\">\n\t\t\t<iframe loading=\"lazy\"\n\t\t\t\t\tsrc=\"https:\/\/maps.google.com\/maps?q=ZAC%20MBAO%2C%20CITE%2C%20SAGEF%202%2C%20Dakar&#038;t=m&#038;z=13&#038;output=embed&#038;iwloc=near\"\n\t\t\t\t\ttitle=\"ZAC MBAO, CITE, SAGEF 2, Dakar\"\n\t\t\t\t\taria-label=\"ZAC MBAO, CITE, SAGEF 2, Dakar\"\n\t\t\t><\/iframe>\n\t\t<\/div>\n\t\t\t\t\t\t<\/div>\n\t\t\t\t<\/div>\n\t\t\t\t\t<\/div>\n\t\t<\/div>\n\t\t\t\t\t<\/div>\n\t\t<\/section>\n\t\t\t\t\t<\/div>\n\t\t<\/div>\n\t\t\t\t\t<\/div>\n\t\t<\/section>\n\t\t\t\t<\/div>","protected":false},"excerpt":{"rendered":"<p>Vous avez des questions ? N&rsquo;h\u00e9sitez pas \u00e0 nous contacter !<\/p>","protected":false},"author":1,"featured_media":0,"parent":0,"menu_order":0,"comment_status":"closed","ping_status":"closed","template":"elementor_header_footer","meta":{"footnotes":""},"class_list":["post-22","page","type-page","status-publish","hentry"],"yoast_head":"<!-- This site is optimized with the Yoast SEO Premium plugin v25.2 (Yoast SEO v25.3) - https:\/\/yoast.com\/wordpress\/plugins\/seo\/ -->\n<title>Contact \u00c9cole Bilingue S\u00e9n\u00e9gal | Cosaan Education Network<\/title>\n<meta name=\"description\" content=\"Vous avez des questions ? Contactez le Cosaan Education Network par t\u00e9l\u00e9phone, email ou via notre formulaire en ligne. Une \u00e9cole bilingue au S\u00e9n\u00e9gal.\" \/>\n<meta name=\"robots\" content=\"index, follow, max-snippet:-1, max-image-preview:large, max-video-preview:-1\" \/>\n<link rel=\"canonical\" href=\"https:\/\/censenegal.com\/en\/contact\/\" \/>\n<meta property=\"og:locale\" content=\"en_US\" \/>\n<meta property=\"og:type\" content=\"article\" \/>\n<meta property=\"og:title\" content=\"Contact\" \/>\n<meta property=\"og:description\" content=\"Vous avez des questions ? Contactez le Cosaan Education Network par t\u00e9l\u00e9phone, email ou via notre formulaire en ligne. Une \u00e9cole bilingue au S\u00e9n\u00e9gal.\" \/>\n<meta property=\"og:url\" content=\"https:\/\/censenegal.com\/en\/contact\/\" \/>\n<meta property=\"og:site_name\" content=\"censenegal.com\" \/>\n<meta property=\"article:modified_time\" content=\"2025-06-15T11:46:22+00:00\" \/>\n<meta property=\"og:image\" content=\"http:\/\/censenegal.com\/wp-content\/uploads\/2025\/04\/nous-contacter-.png\" \/>\n<meta name=\"twitter:card\" content=\"summary_large_image\" \/>\n<meta name=\"twitter:label1\" content=\"Est. reading time\" \/>\n\t<meta name=\"twitter:data1\" content=\"1 minute\" \/>\n<script type=\"application\/ld+json\" class=\"yoast-schema-graph\">{\"@context\":\"https:\/\/schema.org\",\"@graph\":[{\"@type\":\"WebPage\",\"@id\":\"https:\/\/censenegal.com\/contact\/\",\"url\":\"https:\/\/censenegal.com\/contact\/\",\"name\":\"Contact \u00c9cole Bilingue S\u00e9n\u00e9gal | Cosaan Education Network\",\"isPartOf\":{\"@id\":\"https:\/\/censenegal.com\/#website\"},\"primaryImageOfPage\":{\"@id\":\"https:\/\/censenegal.com\/contact\/#primaryimage\"},\"image\":{\"@id\":\"https:\/\/censenegal.com\/contact\/#primaryimage\"},\"thumbnailUrl\":\"http:\/\/censenegal.com\/wp-content\/uploads\/2025\/04\/nous-contacter-.png\",\"datePublished\":\"2023-08-09T09:32:36+00:00\",\"dateModified\":\"2025-06-15T11:46:22+00:00\",\"description\":\"Vous avez des questions ? Contactez le Cosaan Education Network par t\u00e9l\u00e9phone, email ou via notre formulaire en ligne. Une \u00e9cole bilingue au S\u00e9n\u00e9gal.\",\"breadcrumb\":{\"@id\":\"https:\/\/censenegal.com\/contact\/#breadcrumb\"},\"inLanguage\":\"en-US\",\"potentialAction\":[{\"@type\":\"ReadAction\",\"target\":[\"https:\/\/censenegal.com\/contact\/\"]}]},{\"@type\":\"ImageObject\",\"inLanguage\":\"en-US\",\"@id\":\"https:\/\/censenegal.com\/contact\/#primaryimage\",\"url\":\"http:\/\/censenegal.com\/wp-content\/uploads\/2025\/04\/nous-contacter-.png\",\"contentUrl\":\"http:\/\/censenegal.com\/wp-content\/uploads\/2025\/04\/nous-contacter-.png\"},{\"@type\":\"BreadcrumbList\",\"@id\":\"https:\/\/censenegal.com\/contact\/#breadcrumb\",\"itemListElement\":[{\"@type\":\"ListItem\",\"position\":1,\"name\":\"Home\",\"item\":\"https:\/\/censenegal.com\/\"},{\"@type\":\"ListItem\",\"position\":2,\"name\":\"Contact\"}]},{\"@type\":\"WebSite\",\"@id\":\"https:\/\/censenegal.com\/#website\",\"url\":\"https:\/\/censenegal.com\/\",\"name\":\"censenegal.com\",\"description\":\"Cosaan Education Network, bilingue et fi\u00e8rement africaine.\",\"potentialAction\":[{\"@type\":\"SearchAction\",\"target\":{\"@type\":\"EntryPoint\",\"urlTemplate\":\"https:\/\/censenegal.com\/?s={search_term_string}\"},\"query-input\":{\"@type\":\"PropertyValueSpecification\",\"valueRequired\":true,\"valueName\":\"search_term_string\"}}],\"inLanguage\":\"en-US\"}]}<\/script>\n<!-- \/ Yoast SEO Premium plugin. -->","yoast_head_json":{"title":"Contact \u00c9cole Bilingue S\u00e9n\u00e9gal | Cosaan Education Network","description":"Vous avez des questions ? Contactez le Cosaan Education Network par t\u00e9l\u00e9phone, email ou via notre formulaire en ligne. Une \u00e9cole bilingue au S\u00e9n\u00e9gal.","robots":{"index":"index","follow":"follow","max-snippet":"max-snippet:-1","max-image-preview":"max-image-preview:large","max-video-preview":"max-video-preview:-1"},"canonical":"https:\/\/censenegal.com\/en\/contact\/","og_locale":"en_US","og_type":"article","og_title":"Contact","og_description":"Vous avez des questions ? Contactez le Cosaan Education Network par t\u00e9l\u00e9phone, email ou via notre formulaire en ligne. Une \u00e9cole bilingue au S\u00e9n\u00e9gal.","og_url":"https:\/\/censenegal.com\/en\/contact\/","og_site_name":"censenegal.com","article_modified_time":"2025-06-15T11:46:22+00:00","og_image":[{"url":"http:\/\/censenegal.com\/wp-content\/uploads\/2025\/04\/nous-contacter-.png","type":"","width":"","height":""}],"twitter_card":"summary_large_image","twitter_misc":{"Est. reading time":"1 minute"},"schema":{"@context":"https:\/\/schema.org","@graph":[{"@type":"WebPage","@id":"https:\/\/censenegal.com\/contact\/","url":"https:\/\/censenegal.com\/contact\/","name":"Contact \u00c9cole Bilingue S\u00e9n\u00e9gal | Cosaan Education Network","isPartOf":{"@id":"https:\/\/censenegal.com\/#website"},"primaryImageOfPage":{"@id":"https:\/\/censenegal.com\/contact\/#primaryimage"},"image":{"@id":"https:\/\/censenegal.com\/contact\/#primaryimage"},"thumbnailUrl":"http:\/\/censenegal.com\/wp-content\/uploads\/2025\/04\/nous-contacter-.png","datePublished":"2023-08-09T09:32:36+00:00","dateModified":"2025-06-15T11:46:22+00:00","description":"Vous avez des questions ? Contactez le Cosaan Education Network par t\u00e9l\u00e9phone, email ou via notre formulaire en ligne. Une \u00e9cole bilingue au S\u00e9n\u00e9gal.","breadcrumb":{"@id":"https:\/\/censenegal.com\/contact\/#breadcrumb"},"inLanguage":"en-US","potentialAction":[{"@type":"ReadAction","target":["https:\/\/censenegal.com\/contact\/"]}]},{"@type":"ImageObject","inLanguage":"en-US","@id":"https:\/\/censenegal.com\/contact\/#primaryimage","url":"http:\/\/censenegal.com\/wp-content\/uploads\/2025\/04\/nous-contacter-.png","contentUrl":"http:\/\/censenegal.com\/wp-content\/uploads\/2025\/04\/nous-contacter-.png"},{"@type":"BreadcrumbList","@id":"https:\/\/censenegal.com\/contact\/#breadcrumb","itemListElement":[{"@type":"ListItem","position":1,"name":"Home","item":"https:\/\/censenegal.com\/"},{"@type":"ListItem","position":2,"name":"Contact"}]},{"@type":"WebSite","@id":"https:\/\/censenegal.com\/#website","url":"https:\/\/censenegal.com\/","name":"censenegal.com","description":"Cosaan Education Network, bilingue et fi\u00e8rement africaine.","potentialAction":[{"@type":"SearchAction","target":{"@type":"EntryPoint","urlTemplate":"https:\/\/censenegal.com\/?s={search_term_string}"},"query-input":{"@type":"PropertyValueSpecification","valueRequired":true,"valueName":"search_term_string"}}],"inLanguage":"en-US"}]}},"_links":{"self":[{"href":"https:\/\/censenegal.com\/en\/wp-json\/wp\/v2\/pages\/22","targetHints":{"allow":["GET"]}}],"collection":[{"href":"https:\/\/censenegal.com\/en\/wp-json\/wp\/v2\/pages"}],"about":[{"href":"https:\/\/censenegal.com\/en\/wp-json\/wp\/v2\/types\/page"}],"author":[{"embeddable":true,"href":"https:\/\/censenegal.com\/en\/wp-json\/wp\/v2\/users\/1"}],"replies":[{"embeddable":true,"href":"https:\/\/censenegal.com\/en\/wp-json\/wp\/v2\/comments?post=22"}],"version-history":[{"count":16,"href":"https:\/\/censenegal.com\/en\/wp-json\/wp\/v2\/pages\/22\/revisions"}],"predecessor-version":[{"id":6995,"href":"https:\/\/censenegal.com\/en\/wp-json\/wp\/v2\/pages\/22\/revisions\/6995"}],"wp:attachment":[{"href":"https:\/\/censenegal.com\/en\/wp-json\/wp\/v2\/media?parent=22"}],"curies":[{"name":"wp","href":"https:\/\/api.w.org\/{rel}","templated":true}]}}