{"id":6521,"date":"2025-04-12T02:46:24","date_gmt":"2025-04-12T02:46:24","guid":{"rendered":"https:\/\/censenegal.com\/?page_id=6521"},"modified":"2025-06-15T11:43:13","modified_gmt":"2025-06-15T11:43:13","slug":"informations-pratiques","status":"publish","type":"page","link":"https:\/\/censenegal.com\/en\/informations-pratiques\/","title":{"rendered":"Useful information"},"content":{"rendered":"<div data-elementor-type=\"wp-page\" data-elementor-id=\"6521\" class=\"elementor elementor-6521\" data-elementor-post-type=\"page\">\n\t\t\t\t<div class=\"elementor-element elementor-element-a271e59 e-flex e-con-boxed e-con e-parent\" data-id=\"a271e59\" data-element_type=\"container\">\n\t\t\t\t\t<div class=\"e-con-inner\">\n\t\t\t\t<div class=\"elementor-element elementor-element-b5b4894 elementor-widget elementor-widget-heading\" data-id=\"b5b4894\" data-element_type=\"widget\" data-widget_type=\"heading.default\">\n\t\t\t\t<div class=\"elementor-widget-container\">\n\t\t\t\t\t<h2 class=\"elementor-heading-title elementor-size-default\">\ud83d\udccc Informations Pratiques \u2013 Cosaan Education Network<\/h2>\t\t\t\t<\/div>\n\t\t\t\t<\/div>\n\t\t\t\t<div class=\"elementor-element elementor-element-793bccf elementor-widget elementor-widget-heading\" data-id=\"793bccf\" data-element_type=\"widget\" data-widget_type=\"heading.default\">\n\t\t\t\t<div class=\"elementor-widget-container\">\n\t\t\t\t\t<h2 class=\"elementor-heading-title elementor-size-default\">\ud83d\udd52 Horaires de l\u2019\u00e9cole<\/h2>\t\t\t\t<\/div>\n\t\t\t\t<\/div>\n\t\t\t\t<div class=\"elementor-element elementor-element-bccc257 elementor-widget elementor-widget-text-editor\" data-id=\"bccc257\" data-element_type=\"widget\" data-widget_type=\"text-editor.default\">\n\t\t\t\t<div class=\"elementor-widget-container\">\n\t\t\t\t\t\t\t\t\t<ul><li><span style=\"color: #000000;\">\ud83e\uddcd\u200d\u2642\ufe0f <strong data-start=\"369\" data-end=\"389\">Accueil du matin<\/strong> : de 7h45<\/span><\/li><li data-start=\"415\" data-end=\"451\"><span style=\"color: #000000;\">\ud83d\udece\ufe0f <strong data-start=\"419\" data-end=\"438\">Start of courses<\/strong> : 8h00<\/span><\/li><li data-start=\"454\" data-end=\"501\"><span style=\"color: #000000;\">\ud83c\udf7d\ufe0f <strong data-start=\"458\" data-end=\"476\">Pause d\u00e9jeuner<\/strong> : de 12h00 \u00e0 13h00<\/span><\/li><li data-start=\"504\" data-end=\"525\"><span style=\"color: #000000;\">\u23f0 <strong data-start=\"506\" data-end=\"523\">Fin des cours<\/strong> : 15h00<\/span><\/li><li data-start=\"530\" data-end=\"574\"><span style=\"color: #000000;\">\ud83d\udcc5<strong> Lundi, mardi, mercredi,\u00a0 jeudi, vendredi<\/strong> : 15h00<\/span><\/li><\/ul>\t\t\t\t\t\t\t\t<\/div>\n\t\t\t\t<\/div>\n\t\t\t\t<div class=\"elementor-element elementor-element-4697969 elementor-widget elementor-widget-heading\" data-id=\"4697969\" data-element_type=\"widget\" data-widget_type=\"heading.default\">\n\t\t\t\t<div class=\"elementor-widget-container\">\n\t\t\t\t\t<h2 class=\"elementor-heading-title elementor-size-default\">\ud83e\uddd2 Accueil des enfants\n<\/h2>\t\t\t\t<\/div>\n\t\t\t\t<\/div>\n\t\t\t\t<div class=\"elementor-element elementor-element-a36a55f elementor-widget elementor-widget-text-editor\" data-id=\"a36a55f\" data-element_type=\"widget\" data-widget_type=\"text-editor.default\">\n\t\t\t\t<div class=\"elementor-widget-container\">\n\t\t\t\t\t\t\t\t\t<ul><li data-start=\"689\" data-end=\"761\"><span style=\"color: #000000;\">\ud83e\uddd2\ud83c\udffb <strong data-start=\"694\" data-end=\"709\">Preschool<\/strong> : d\u00e8s <strong data-start=\"716\" data-end=\"725\">3 ans<\/strong> (Petite, Moyenne, Grande Section)<\/span><\/li><li data-start=\"764\" data-end=\"817\"><span style=\"color: #000000;\">\ud83d\udc67\ud83c\udffd <strong data-start=\"769\" data-end=\"784\">\u00c9l\u00e9mentaire<\/strong> : de <strong data-start=\"790\" data-end=\"804\">6 \u00e0 11 ans<\/strong> (CP \u00e0 CM2)<\/span><\/li><li data-start=\"820\" data-end=\"870\"><span style=\"color: #000000;\">\ud83c\udf10 Programme <strong data-start=\"833\" data-end=\"845\">bilingue<\/strong> : <strong data-start=\"848\" data-end=\"870\">fran\u00e7ais \/ anglais<\/strong><\/span><\/li><\/ul>\t\t\t\t\t\t\t\t<\/div>\n\t\t\t\t<\/div>\n\t\t\t\t<div class=\"elementor-element elementor-element-b256160 elementor-widget elementor-widget-heading\" data-id=\"b256160\" data-element_type=\"widget\" data-widget_type=\"heading.default\">\n\t\t\t\t<div class=\"elementor-widget-container\">\n\t\t\t\t\t<h2 class=\"elementor-heading-title elementor-size-default\">\ud83c\udf92 Fournitures scolaires<\/h2>\t\t\t\t<\/div>\n\t\t\t\t<\/div>\n\t\t\t\t<div class=\"elementor-element elementor-element-de679eb elementor-widget elementor-widget-text-editor\" data-id=\"de679eb\" data-element_type=\"widget\" data-widget_type=\"text-editor.default\">\n\t\t\t\t<div class=\"elementor-widget-container\">\n\t\t\t\t\t\t\t\t\t<ul><li><span style=\"color: #000000;\">\ud83d\udcdd Une <strong data-start=\"915\" data-end=\"939\">liste de fournitures<\/strong> est remise \u00e0 l\u2019inscription.<\/span><\/li><li data-start=\"972\" data-end=\"1040\"><span style=\"color: #000000;\">\ud83d\udcda Les <strong data-start=\"979\" data-end=\"1014\">livres et supports p\u00e9dagogiques<\/strong> sont fournis par l\u2019\u00e9cole.<\/span><\/li><\/ul>\t\t\t\t\t\t\t\t<\/div>\n\t\t\t\t<\/div>\n\t\t\t\t<div class=\"elementor-element elementor-element-45f1fa9 elementor-widget elementor-widget-heading\" data-id=\"45f1fa9\" data-element_type=\"widget\" data-widget_type=\"heading.default\">\n\t\t\t\t<div class=\"elementor-widget-container\">\n\t\t\t\t\t<h2 class=\"elementor-heading-title elementor-size-default\">\ud83c\udf7d\ufe0f Cantine scolaire<\/h2>\t\t\t\t<\/div>\n\t\t\t\t<\/div>\n\t\t\t\t<div class=\"elementor-element elementor-element-e65edbc elementor-widget elementor-widget-text-editor\" data-id=\"e65edbc\" data-element_type=\"widget\" data-widget_type=\"text-editor.default\">\n\t\t\t\t<div class=\"elementor-widget-container\">\n\t\t\t\t\t\t\t\t\t<ul><li data-start=\"1074\" data-end=\"1129\"><span style=\"color: #000000;\">\ud83e\udd57 Repas <strong data-start=\"1083\" data-end=\"1097\">\u00e9quilibr\u00e9s<\/strong> et <strong data-start=\"1101\" data-end=\"1111\">vari\u00e9s<\/strong> tous les jours.<\/span><\/li><li data-start=\"1132\" data-end=\"1167\"><span style=\"color: #000000;\">\ud83d\udcc6 Menus affich\u00e9s chaque semaine.<\/span><\/li><li data-start=\"1170\" data-end=\"1220\"><span style=\"color: #000000;\">\u26a0\ufe0f R\u00e9gimes sp\u00e9cifiques pris en charge sur demande.<\/span><\/li><\/ul>\t\t\t\t\t\t\t\t<\/div>\n\t\t\t\t<\/div>\n\t\t\t\t<div class=\"elementor-element elementor-element-a2a7db9 elementor-widget elementor-widget-heading\" data-id=\"a2a7db9\" data-element_type=\"widget\" data-widget_type=\"heading.default\">\n\t\t\t\t<div class=\"elementor-widget-container\">\n\t\t\t\t\t<h2 class=\"elementor-heading-title elementor-size-default\">\ud83c\udfa8 Activit\u00e9s extrascolaires\n<\/h2>\t\t\t\t<\/div>\n\t\t\t\t<\/div>\n\t\t\t\t<div class=\"elementor-element elementor-element-754d1d4 elementor-widget elementor-widget-text-editor\" data-id=\"754d1d4\" data-element_type=\"widget\" data-widget_type=\"text-editor.default\">\n\t\t\t\t<div class=\"elementor-widget-container\">\n\t\t\t\t\t\t\t\t\t<ul><li data-start=\"1261\" data-end=\"1371\"><span style=\"color: #000000;\">\ud83e\udd41 Activit\u00e9s apr\u00e8s les cours ou le mercredi :<\/span><br data-start=\"1306\" data-end=\"1309\" \/><span style=\"color: #000000;\"><strong data-start=\"1311\" data-end=\"1366\">sport, musique, art, danse, th\u00e9\u00e2tre, conte africain<\/strong>&#8230;<\/span><\/li><li data-start=\"1374\" data-end=\"1424\"><span style=\"color: #000000;\">\ud83d\udc69\ud83c\udffe\u200d\ud83c\udfeb Encadrement assur\u00e9 par des professionnels.<\/span><\/li><\/ul>\t\t\t\t\t\t\t\t<\/div>\n\t\t\t\t<\/div>\n\t\t\t\t<div class=\"elementor-element elementor-element-3a191c2 elementor-widget elementor-widget-heading\" data-id=\"3a191c2\" data-element_type=\"widget\" data-widget_type=\"heading.default\">\n\t\t\t\t<div class=\"elementor-widget-container\">\n\t\t\t\t\t<h2 class=\"elementor-heading-title elementor-size-default\">\ud83d\ude8c Transport scolaire\n<\/h2>\t\t\t\t<\/div>\n\t\t\t\t<\/div>\n\t\t\t\t<div class=\"elementor-element elementor-element-7f25523 elementor-widget elementor-widget-text-editor\" data-id=\"7f25523\" data-element_type=\"widget\" data-widget_type=\"text-editor.default\">\n\t\t\t\t<div class=\"elementor-widget-container\">\n\t\t\t\t\t\t\t\t\t<ul><li data-start=\"1459\" data-end=\"1524\"><span style=\"color: #000000;\">\ud83d\ude8d Ramassage disponible.<\/span><\/li><li data-start=\"1527\" data-end=\"1582\"><span style=\"color: #000000;\">\ud83d\udccd Horaires et trajets communiqu\u00e9s apr\u00e8s l\u2019inscription<\/span><\/li><\/ul>\t\t\t\t\t\t\t\t<\/div>\n\t\t\t\t<\/div>\n\t\t\t\t\t<\/div>\n\t\t\t\t<\/div>\n\t\t\t\t<section class=\"elementor-section elementor-top-section elementor-element elementor-element-6f197d6 elementor-section-boxed elementor-section-height-default elementor-section-height-default\" data-id=\"6f197d6\" data-element_type=\"section\">\n\t\t\t\t\t\t<div class=\"elementor-container elementor-column-gap-default\">\n\t\t\t\t\t<div class=\"elementor-column elementor-col-100 elementor-top-column elementor-element elementor-element-c8e7a49\" data-id=\"c8e7a49\" data-element_type=\"column\">\n\t\t\t<div class=\"elementor-widget-wrap elementor-element-populated\">\n\t\t\t\t\t\t<section class=\"elementor-section elementor-inner-section elementor-element elementor-element-a561e40 elementor-section-content-middle elementor-section-boxed elementor-section-height-default elementor-section-height-default\" data-id=\"a561e40\" data-element_type=\"section\">\n\t\t\t\t\t\t<div class=\"elementor-container elementor-column-gap-no\">\n\t\t\t\t\t<div class=\"elementor-column elementor-col-50 elementor-inner-column elementor-element elementor-element-b46a49b\" data-id=\"b46a49b\" data-element_type=\"column\">\n\t\t\t<div class=\"elementor-widget-wrap elementor-element-populated\">\n\t\t\t\t\t\t<div class=\"elementor-element elementor-element-396c7a5 elementor-widget elementor-widget-kiddinosectiontitle\" data-id=\"396c7a5\" data-element_type=\"widget\" data-widget_type=\"kiddinosectiontitle.default\">\n\t\t\t\t<div class=\"elementor-widget-container\">\n\t\t\t\t\t<!-- Section Title --><div class=\"title-area\" ><span class=\"sec-subtitle\">Do you have any questions? \n\n<\/span><h2 class=\"sec-title title-selector\">Don't hesitate to contact us! <\/h2><p class=\"sec-text\">\n<\/p><\/div><!-- End Section Title -->\t\t\t\t<\/div>\n\t\t\t\t<\/div>\n\t\t\t\t<div class=\"elementor-element elementor-element-1725813 elementor-widget elementor-widget-shortcode\" data-id=\"1725813\" data-element_type=\"widget\" data-widget_type=\"shortcode.default\">\n\t\t\t\t<div class=\"elementor-widget-container\">\n\t\t\t\t\t\t\t<div class=\"elementor-shortcode\">\n<div class=\"wpcf7 no-js\" id=\"wpcf7-f2339-o1\" lang=\"en-US\" dir=\"ltr\" data-wpcf7-id=\"2339\">\n<div class=\"screen-reader-response\"><p role=\"status\" aria-live=\"polite\" aria-atomic=\"true\"><\/p> <ul><\/ul><\/div>\n<form action=\"\/en\/wp-json\/wp\/v2\/pages\/6521#wpcf7-f2339-o1\" method=\"post\" class=\"wpcf7-form init\" aria-label=\"Contact form\" novalidate=\"novalidate\" data-status=\"init\" data-trp-original-action=\"\/en\/wp-json\/wp\/v2\/pages\/6521#wpcf7-f2339-o1\">\n<div style=\"display: none;\">\n<input type=\"hidden\" name=\"_wpcf7\" value=\"2339\" \/>\n<input type=\"hidden\" name=\"_wpcf7_version\" value=\"6.0.6\" \/>\n<input type=\"hidden\" name=\"_wpcf7_locale\" value=\"en_US\" \/>\n<input type=\"hidden\" name=\"_wpcf7_unit_tag\" value=\"wpcf7-f2339-o1\" \/>\n<input type=\"hidden\" name=\"_wpcf7_container_post\" value=\"0\" \/>\n<input type=\"hidden\" name=\"_wpcf7_posted_data_hash\" value=\"\" \/>\n<\/div>\n<div class=\"form-style3 layout2\">\n    <div class=\"row justify-content-between\">\n        <div class=\"col-md-6 form-group\">\n            <label>First name <span class=\"required\">*<\/span><\/label>\n            <span class=\"wpcf7-form-control-wrap\" data-name=\"firstname\"><input size=\"40\" maxlength=\"400\" class=\"wpcf7-form-control wpcf7-text wpcf7-validates-as-required\" aria-required=\"true\" aria-invalid=\"false\" placeholder=\"Your first name\" value=\"\" type=\"text\" name=\"firstname\" \/><\/span>\n        <\/div>\n\n        <div class=\"col-md-6 form-group\">\n            <label>Name <span class=\"required\">*<\/span><\/label>\n            <span class=\"wpcf7-form-control-wrap\" data-name=\"lastname\"><input size=\"40\" maxlength=\"400\" class=\"wpcf7-form-control wpcf7-text wpcf7-validates-as-required\" aria-required=\"true\" aria-invalid=\"false\" placeholder=\"Your name\" value=\"\" type=\"text\" name=\"lastname\" \/><\/span>\n        <\/div>\n\n        <div class=\"col-md-6 form-group\">\n            <label>Email<\/label>\n            <span class=\"wpcf7-form-control-wrap\" data-name=\"email-address\"><input size=\"40\" maxlength=\"400\" class=\"wpcf7-form-control wpcf7-email wpcf7-text wpcf7-validates-as-email\" aria-invalid=\"false\" placeholder=\"exemple@email.com\" value=\"\" type=\"email\" name=\"email-address\" \/><\/span>\n        <\/div>\n\n        <div class=\"col-md-6 form-group\">\n            <label>Phone <span class=\"required\">*<\/span><\/label>\n            <span class=\"wpcf7-form-control-wrap\" data-name=\"phone-number\"><input size=\"40\" maxlength=\"400\" class=\"wpcf7-form-control wpcf7-tel wpcf7-validates-as-required wpcf7-text wpcf7-validates-as-tel\" aria-required=\"true\" aria-invalid=\"false\" placeholder=\"e.g.: +221 77 123 45 67\" value=\"\" type=\"tel\" name=\"phone-number\" \/><\/span>\n        <\/div>\n\n        <div class=\"col-md-12 form-group\">\n            <label>Message<\/label>\n            <span class=\"wpcf7-form-control-wrap\" data-name=\"your-message\"><textarea cols=\"40\" rows=\"10\" maxlength=\"2000\" class=\"wpcf7-form-control wpcf7-textarea\" aria-invalid=\"false\" placeholder=\"Your message...\" name=\"your-message\"><\/textarea><\/span>\n        <\/div>\n\n        <div class=\"col-auto form-group\">\n            <input class=\"wpcf7-form-control wpcf7-submit has-spinner vs-btn\" type=\"submit\" value=\"Send\" \/>\n        <\/div>\n    <\/div>\n<\/div><div class=\"wpcf7-response-output\" aria-hidden=\"true\"><\/div>\n<input type=\"hidden\" name=\"trp-form-language\" value=\"en\"\/><\/form>\n<\/div>\n<\/div>\n\t\t\t\t\t\t<\/div>\n\t\t\t\t<\/div>\n\t\t\t\t\t<\/div>\n\t\t<\/div>\n\t\t\t\t<div class=\"elementor-column elementor-col-50 elementor-inner-column elementor-element elementor-element-235ce61\" data-id=\"235ce61\" data-element_type=\"column\">\n\t\t\t<div class=\"elementor-widget-wrap elementor-element-populated\">\n\t\t\t\t\t\t<div class=\"elementor-element elementor-element-9a86995 elementor-widget elementor-widget-image\" data-id=\"9a86995\" data-element_type=\"widget\" data-widget_type=\"image.default\">\n\t\t\t\t<div class=\"elementor-widget-container\">\n\t\t\t\t\t\t\t\t\t\t\t\t\t\t\t<img fetchpriority=\"high\" decoding=\"async\" width=\"512\" height=\"512\" src=\"https:\/\/censenegal.com\/wp-content\/uploads\/2025\/04\/nous-contacter-.png\" class=\"attachment-large size-large wp-image-5913\" alt=\"\" srcset=\"https:\/\/censenegal.com\/wp-content\/uploads\/2025\/04\/nous-contacter-.png 512w, https:\/\/censenegal.com\/wp-content\/uploads\/2025\/04\/nous-contacter--300x300.png 300w, https:\/\/censenegal.com\/wp-content\/uploads\/2025\/04\/nous-contacter--150x150.png 150w, https:\/\/censenegal.com\/wp-content\/uploads\/2025\/04\/nous-contacter--100x100.png 100w, https:\/\/censenegal.com\/wp-content\/uploads\/2025\/04\/nous-contacter--230x230.png 230w, https:\/\/censenegal.com\/wp-content\/uploads\/2025\/04\/nous-contacter--460x460.png 460w\" sizes=\"(max-width: 512px) 100vw, 512px\" \/>\t\t\t\t\t\t\t\t\t\t\t\t\t\t\t<\/div>\n\t\t\t\t<\/div>\n\t\t\t\t\t<\/div>\n\t\t<\/div>\n\t\t\t\t\t<\/div>\n\t\t<\/section>\n\t\t\t\t\t<\/div>\n\t\t<\/div>\n\t\t\t\t\t<\/div>\n\t\t<\/section>\n\t\t\t\t<\/div>","protected":false},"excerpt":{"rendered":"<p>\ud83d\udccc Informations Pratiques \u2013 Cosaan Education Network \ud83d\udd52 Horaires de l\u2019\u00e9cole \ud83e\uddcd\u200d\u2642\ufe0f Accueil du matin : de 7h45 \ud83d\udece\ufe0f D\u00e9but des cours : 8h00 \ud83c\udf7d\ufe0f Pause d\u00e9jeuner : de 12h00 \u00e0 13h00 \u23f0 Fin des cours : 15h00 \ud83d\udcc5 Lundi, mardi, mercredi,\u00a0 jeudi, vendredi : 15h00 \ud83e\uddd2 Accueil des enfants \ud83e\uddd2\ud83c\udffb Pr\u00e9scolaire : d\u00e8s 3&#8230;<\/p>","protected":false},"author":1,"featured_media":0,"parent":0,"menu_order":0,"comment_status":"closed","ping_status":"closed","template":"elementor_header_footer","meta":{"footnotes":""},"class_list":["post-6521","page","type-page","status-publish","hentry"],"yoast_head":"<!-- This site is optimized with the Yoast SEO Premium plugin v25.2 (Yoast SEO v25.3) - https:\/\/yoast.com\/wordpress\/plugins\/seo\/ -->\n<title>Informations Pratiques \u00c9cole Bilingue | Cosaan Education Network<\/title>\n<meta name=\"description\" content=\"Toutes les informations pratiques sur l\u2019\u00e9cole Cosaan Education Network : horaires, repas, transport, fournitures, activit\u00e9s extrascolaires et contacts. Une \u00e9cole bilingue au S\u00e9n\u00e9gal.\" \/>\n<meta name=\"robots\" content=\"index, follow, max-snippet:-1, max-image-preview:large, max-video-preview:-1\" \/>\n<link rel=\"canonical\" href=\"https:\/\/censenegal.com\/en\/informations-pratiques\/\" \/>\n<meta property=\"og:locale\" content=\"en_US\" \/>\n<meta property=\"og:type\" content=\"article\" \/>\n<meta property=\"og:title\" content=\"Informations pratiques\" \/>\n<meta property=\"og:description\" content=\"Toutes les informations pratiques sur l\u2019\u00e9cole Cosaan Education Network : horaires, repas, transport, fournitures, activit\u00e9s extrascolaires et contacts. Une \u00e9cole bilingue au S\u00e9n\u00e9gal.\" \/>\n<meta property=\"og:url\" content=\"https:\/\/censenegal.com\/en\/informations-pratiques\/\" \/>\n<meta property=\"og:site_name\" content=\"censenegal.com\" \/>\n<meta property=\"article:modified_time\" content=\"2025-06-15T11:43:13+00:00\" \/>\n<meta property=\"og:image\" content=\"http:\/\/censenegal.com\/wp-content\/uploads\/2025\/04\/nous-contacter-.png\" \/>\n<meta name=\"twitter:card\" content=\"summary_large_image\" \/>\n<meta name=\"twitter:label1\" content=\"Est. reading time\" \/>\n\t<meta name=\"twitter:data1\" content=\"1 minute\" \/>\n<script type=\"application\/ld+json\" class=\"yoast-schema-graph\">{\"@context\":\"https:\/\/schema.org\",\"@graph\":[{\"@type\":\"WebPage\",\"@id\":\"https:\/\/censenegal.com\/informations-pratiques\/\",\"url\":\"https:\/\/censenegal.com\/informations-pratiques\/\",\"name\":\"Informations Pratiques \u00c9cole Bilingue | Cosaan Education Network\",\"isPartOf\":{\"@id\":\"https:\/\/censenegal.com\/#website\"},\"primaryImageOfPage\":{\"@id\":\"https:\/\/censenegal.com\/informations-pratiques\/#primaryimage\"},\"image\":{\"@id\":\"https:\/\/censenegal.com\/informations-pratiques\/#primaryimage\"},\"thumbnailUrl\":\"http:\/\/censenegal.com\/wp-content\/uploads\/2025\/04\/nous-contacter-.png\",\"datePublished\":\"2025-04-12T02:46:24+00:00\",\"dateModified\":\"2025-06-15T11:43:13+00:00\",\"description\":\"Toutes les informations pratiques sur l\u2019\u00e9cole Cosaan Education Network : horaires, repas, transport, fournitures, activit\u00e9s extrascolaires et contacts. Une \u00e9cole bilingue au S\u00e9n\u00e9gal.\",\"breadcrumb\":{\"@id\":\"https:\/\/censenegal.com\/informations-pratiques\/#breadcrumb\"},\"inLanguage\":\"en-US\",\"potentialAction\":[{\"@type\":\"ReadAction\",\"target\":[\"https:\/\/censenegal.com\/informations-pratiques\/\"]}]},{\"@type\":\"ImageObject\",\"inLanguage\":\"en-US\",\"@id\":\"https:\/\/censenegal.com\/informations-pratiques\/#primaryimage\",\"url\":\"http:\/\/censenegal.com\/wp-content\/uploads\/2025\/04\/nous-contacter-.png\",\"contentUrl\":\"http:\/\/censenegal.com\/wp-content\/uploads\/2025\/04\/nous-contacter-.png\"},{\"@type\":\"BreadcrumbList\",\"@id\":\"https:\/\/censenegal.com\/informations-pratiques\/#breadcrumb\",\"itemListElement\":[{\"@type\":\"ListItem\",\"position\":1,\"name\":\"Home\",\"item\":\"https:\/\/censenegal.com\/\"},{\"@type\":\"ListItem\",\"position\":2,\"name\":\"Informations pratiques\"}]},{\"@type\":\"WebSite\",\"@id\":\"https:\/\/censenegal.com\/#website\",\"url\":\"https:\/\/censenegal.com\/\",\"name\":\"censenegal.com\",\"description\":\"Cosaan Education Network, bilingue et fi\u00e8rement africaine.\",\"potentialAction\":[{\"@type\":\"SearchAction\",\"target\":{\"@type\":\"EntryPoint\",\"urlTemplate\":\"https:\/\/censenegal.com\/?s={search_term_string}\"},\"query-input\":{\"@type\":\"PropertyValueSpecification\",\"valueRequired\":true,\"valueName\":\"search_term_string\"}}],\"inLanguage\":\"en-US\"}]}<\/script>\n<!-- \/ Yoast SEO Premium plugin. -->","yoast_head_json":{"title":"Informations Pratiques \u00c9cole Bilingue | Cosaan Education Network","description":"Toutes les informations pratiques sur l\u2019\u00e9cole Cosaan Education Network : horaires, repas, transport, fournitures, activit\u00e9s extrascolaires et contacts. Une \u00e9cole bilingue au S\u00e9n\u00e9gal.","robots":{"index":"index","follow":"follow","max-snippet":"max-snippet:-1","max-image-preview":"max-image-preview:large","max-video-preview":"max-video-preview:-1"},"canonical":"https:\/\/censenegal.com\/en\/informations-pratiques\/","og_locale":"en_US","og_type":"article","og_title":"Informations pratiques","og_description":"Toutes les informations pratiques sur l\u2019\u00e9cole Cosaan Education Network : horaires, repas, transport, fournitures, activit\u00e9s extrascolaires et contacts. Une \u00e9cole bilingue au S\u00e9n\u00e9gal.","og_url":"https:\/\/censenegal.com\/en\/informations-pratiques\/","og_site_name":"censenegal.com","article_modified_time":"2025-06-15T11:43:13+00:00","og_image":[{"url":"http:\/\/censenegal.com\/wp-content\/uploads\/2025\/04\/nous-contacter-.png","type":"","width":"","height":""}],"twitter_card":"summary_large_image","twitter_misc":{"Est. reading time":"1 minute"},"schema":{"@context":"https:\/\/schema.org","@graph":[{"@type":"WebPage","@id":"https:\/\/censenegal.com\/informations-pratiques\/","url":"https:\/\/censenegal.com\/informations-pratiques\/","name":"Informations Pratiques \u00c9cole Bilingue | Cosaan Education Network","isPartOf":{"@id":"https:\/\/censenegal.com\/#website"},"primaryImageOfPage":{"@id":"https:\/\/censenegal.com\/informations-pratiques\/#primaryimage"},"image":{"@id":"https:\/\/censenegal.com\/informations-pratiques\/#primaryimage"},"thumbnailUrl":"http:\/\/censenegal.com\/wp-content\/uploads\/2025\/04\/nous-contacter-.png","datePublished":"2025-04-12T02:46:24+00:00","dateModified":"2025-06-15T11:43:13+00:00","description":"Toutes les informations pratiques sur l\u2019\u00e9cole Cosaan Education Network : horaires, repas, transport, fournitures, activit\u00e9s extrascolaires et contacts. Une \u00e9cole bilingue au S\u00e9n\u00e9gal.","breadcrumb":{"@id":"https:\/\/censenegal.com\/informations-pratiques\/#breadcrumb"},"inLanguage":"en-US","potentialAction":[{"@type":"ReadAction","target":["https:\/\/censenegal.com\/informations-pratiques\/"]}]},{"@type":"ImageObject","inLanguage":"en-US","@id":"https:\/\/censenegal.com\/informations-pratiques\/#primaryimage","url":"http:\/\/censenegal.com\/wp-content\/uploads\/2025\/04\/nous-contacter-.png","contentUrl":"http:\/\/censenegal.com\/wp-content\/uploads\/2025\/04\/nous-contacter-.png"},{"@type":"BreadcrumbList","@id":"https:\/\/censenegal.com\/informations-pratiques\/#breadcrumb","itemListElement":[{"@type":"ListItem","position":1,"name":"Home","item":"https:\/\/censenegal.com\/"},{"@type":"ListItem","position":2,"name":"Informations pratiques"}]},{"@type":"WebSite","@id":"https:\/\/censenegal.com\/#website","url":"https:\/\/censenegal.com\/","name":"censenegal.com","description":"Cosaan Education Network, bilingue et fi\u00e8rement africaine.","potentialAction":[{"@type":"SearchAction","target":{"@type":"EntryPoint","urlTemplate":"https:\/\/censenegal.com\/?s={search_term_string}"},"query-input":{"@type":"PropertyValueSpecification","valueRequired":true,"valueName":"search_term_string"}}],"inLanguage":"en-US"}]}},"_links":{"self":[{"href":"https:\/\/censenegal.com\/en\/wp-json\/wp\/v2\/pages\/6521","targetHints":{"allow":["GET"]}}],"collection":[{"href":"https:\/\/censenegal.com\/en\/wp-json\/wp\/v2\/pages"}],"about":[{"href":"https:\/\/censenegal.com\/en\/wp-json\/wp\/v2\/types\/page"}],"author":[{"embeddable":true,"href":"https:\/\/censenegal.com\/en\/wp-json\/wp\/v2\/users\/1"}],"replies":[{"embeddable":true,"href":"https:\/\/censenegal.com\/en\/wp-json\/wp\/v2\/comments?post=6521"}],"version-history":[{"count":25,"href":"https:\/\/censenegal.com\/en\/wp-json\/wp\/v2\/pages\/6521\/revisions"}],"predecessor-version":[{"id":7245,"href":"https:\/\/censenegal.com\/en\/wp-json\/wp\/v2\/pages\/6521\/revisions\/7245"}],"wp:attachment":[{"href":"https:\/\/censenegal.com\/en\/wp-json\/wp\/v2\/media?parent=6521"}],"curies":[{"name":"wp","href":"https:\/\/api.w.org\/{rel}","templated":true}]}}