{"id":6893,"date":"2025-04-14T16:05:09","date_gmt":"2025-04-14T16:05:09","guid":{"rendered":"https:\/\/censenegal.com\/?page_id=6893"},"modified":"2026-02-24T11:29:34","modified_gmt":"2026-02-24T11:29:34","slug":"online-admission","status":"publish","type":"page","link":"https:\/\/censenegal.com\/en\/online-admission\/","title":{"rendered":"Online admission"},"content":{"rendered":"<div data-elementor-type=\"wp-page\" data-elementor-id=\"6893\" class=\"elementor elementor-6893\" data-elementor-post-type=\"page\">\n\t\t\t\t<div class=\"elementor-element elementor-element-ec03407 e-con-full e-flex e-con e-parent\" data-id=\"ec03407\" data-element_type=\"container\">\n\t\t<div class=\"elementor-element elementor-element-f8361b6 e-con-full e-flex e-con e-child\" data-id=\"f8361b6\" data-element_type=\"container\" data-settings=\"{&quot;background_background&quot;:&quot;classic&quot;}\">\n\t\t<div class=\"elementor-element elementor-element-aaa6537 e-con-full e-flex e-con e-child\" data-id=\"aaa6537\" data-element_type=\"container\">\n\t\t\t\t<div class=\"elementor-element elementor-element-c99c653 elementor-widget elementor-widget-shortcode\" data-id=\"c99c653\" data-element_type=\"widget\" data-widget_type=\"shortcode.default\">\n\t\t\t\t<div class=\"elementor-widget-container\">\n\t\t\t\t\t\t\t<div class=\"elementor-shortcode\">\n<div class=\"wpcf7 no-js\" id=\"wpcf7-f4980-o1\" lang=\"en-US\" dir=\"ltr\" data-wpcf7-id=\"4980\">\n<div class=\"screen-reader-response\"><p role=\"status\" aria-live=\"polite\" aria-atomic=\"true\"><\/p> <ul><\/ul><\/div>\n<form action=\"\/en\/wp-json\/wp\/v2\/pages\/6893#wpcf7-f4980-o1\" method=\"post\" class=\"wpcf7-form init\" aria-label=\"Contact form\" novalidate=\"novalidate\" data-status=\"init\" data-trp-original-action=\"\/en\/wp-json\/wp\/v2\/pages\/6893#wpcf7-f4980-o1\">\n<div style=\"display: none;\">\n<input type=\"hidden\" name=\"_wpcf7\" value=\"4980\" \/>\n<input type=\"hidden\" name=\"_wpcf7_version\" value=\"6.0.6\" \/>\n<input type=\"hidden\" name=\"_wpcf7_locale\" value=\"en_US\" \/>\n<input type=\"hidden\" name=\"_wpcf7_unit_tag\" value=\"wpcf7-f4980-o1\" \/>\n<input type=\"hidden\" name=\"_wpcf7_container_post\" value=\"0\" \/>\n<input type=\"hidden\" name=\"_wpcf7_posted_data_hash\" value=\"\" \/>\n<\/div>\n<div class=\"form-style4\">\n    <div class=\"title-area-four form text-center\">\n        <h2>School enrolment form<\/h2>\n    <\/div>\n    <div class=\"row justify-content-between\">\n        <!-- Informations sur l'enfant -->\n        <div class=\"col-md-12 form-group section-title\">\n            <h3>Information about the child<\/h3>\n        <\/div>\n        \n        <div class=\"col-md-6 form-group\">\n            <label>Child's name <span class=\"required\">*<\/span><\/label>\n            <span class=\"wpcf7-form-control-wrap\" data-name=\"enfant-nom\"><input size=\"40\" maxlength=\"400\" class=\"wpcf7-form-control wpcf7-text wpcf7-validates-as-required\" aria-required=\"true\" aria-invalid=\"false\" value=\"\" type=\"text\" name=\"enfant-nom\" \/><\/span>\n        <\/div>\n        <div class=\"col-md-6 form-group\">\n            <label>Child's first name <span class=\"required\">*<\/span><\/label>\n            <span class=\"wpcf7-form-control-wrap\" data-name=\"enfant-prenom\"><input size=\"40\" maxlength=\"400\" class=\"wpcf7-form-control wpcf7-text wpcf7-validates-as-required\" aria-required=\"true\" aria-invalid=\"false\" value=\"\" type=\"text\" name=\"enfant-prenom\" \/><\/span>\n        <\/div>\n        <div class=\"col-md-6 form-group\">\n            <label>Date of birth <span class=\"required\">*<\/span><\/label>\n            <span class=\"wpcf7-form-control-wrap\" data-name=\"enfant-naissance\"><input class=\"wpcf7-form-control wpcf7-date wpcf7-validates-as-required wpcf7-validates-as-date\" aria-required=\"true\" aria-invalid=\"false\" placeholder=\"jj\/mm\/aaaa\" value=\"\" type=\"date\" name=\"enfant-naissance\" \/><\/span>\n        <\/div>\n        <div class=\"col-md-6 form-group\">\n            <label>Place of birth <span class=\"required\">*<\/span><\/label>\n            <span class=\"wpcf7-form-control-wrap\" data-name=\"enfant-lieu-naissance\"><input size=\"40\" maxlength=\"400\" class=\"wpcf7-form-control wpcf7-text wpcf7-validates-as-required\" aria-required=\"true\" aria-invalid=\"false\" value=\"\" type=\"text\" name=\"enfant-lieu-naissance\" \/><\/span>\n        <\/div>\n        <div class=\"col-md-6 form-group\">\n            <label>Sexe <span class=\"required\">*<\/span><\/label>\n            <span class=\"wpcf7-form-control-wrap\" data-name=\"enfant-sexe\"><select class=\"wpcf7-form-control wpcf7-select wpcf7-validates-as-required\" id=\"selectone\" aria-required=\"true\" aria-invalid=\"false\" name=\"enfant-sexe\"><option value=\"Choisissez le sexe\">Select gender<\/option><option value=\"Masculin\">Male<\/option><option value=\"F\u00e9minin\">Female<\/option><\/select><\/span>\n        <\/div>\n        <div class=\"col-md-6 form-group\">\n            <label>Required level <span class=\"required\">*<\/span><\/label>\n            <span class=\"wpcf7-form-control-wrap\" data-name=\"enfant-niveau\"><select class=\"wpcf7-form-control wpcf7-select wpcf7-validates-as-required\" aria-required=\"true\" aria-invalid=\"false\" name=\"enfant-niveau\"><option value=\"Choisissez le niveau scolaire\">Select the school level<\/option><option value=\"Pr\u00e9scolaire (Maternelle)\">Pre-school (Nursery)<\/option><option value=\"CP (Cours Pr\u00e9paratoire)\">CP (Preparatory Course)<\/option><option value=\"CE1 (Cours \u00c9l\u00e9mentaire 1)\">Year 2 (Year 2)<\/option><option value=\"CE2 (Cours \u00c9l\u00e9mentaire 2)\">Year 3 (Year 3)<\/option><option value=\"CM1 (Cours Moyen 1)\">Year 5 (Year 5)<\/option><option value=\"CM2 (Cours Moyen 2)\">Year 6 (Year 6)<\/option><\/select><\/span>\n        <\/div>\n        <div class=\"col-md-12 form-group\">\n            <label>Previous institution (if applicable)<\/label>\n            <span class=\"wpcf7-form-control-wrap\" data-name=\"enfant-ecole-precedente\"><input size=\"40\" maxlength=\"400\" class=\"wpcf7-form-control wpcf7-text\" aria-invalid=\"false\" value=\"\" type=\"text\" name=\"enfant-ecole-precedente\" \/><\/span>\n        <\/div>\n        \n        <!-- Informations sur le parent -->\n        <div class=\"col-md-12 form-group section-title\">\n            <h3>Information about the parent\/guardian<\/h3>\n        <\/div>\n        \n        <div class=\"col-md-6 form-group\">\n            <label>Parent's name <span class=\"required\">*<\/span><\/label>\n            <span class=\"wpcf7-form-control-wrap\" data-name=\"parent-nom\"><input size=\"40\" maxlength=\"400\" class=\"wpcf7-form-control wpcf7-text wpcf7-validates-as-required\" aria-required=\"true\" aria-invalid=\"false\" value=\"\" type=\"text\" name=\"parent-nom\" \/><\/span>\n        <\/div>\n        <div class=\"col-md-6 form-group\">\n            <label>Pr\u00e9nom du parent <span class=\"required\">*<\/span><\/label>\n            <span class=\"wpcf7-form-control-wrap\" data-name=\"parent-prenom\"><input size=\"40\" maxlength=\"400\" class=\"wpcf7-form-control wpcf7-text wpcf7-validates-as-required\" aria-required=\"true\" aria-invalid=\"false\" value=\"\" type=\"text\" name=\"parent-prenom\" \/><\/span>\n        <\/div>\n        <div class=\"col-md-6 form-group\">\n            <label>Parent's occupation<\/label>\n            <span class=\"wpcf7-form-control-wrap\" data-name=\"parent-profession\"><input size=\"40\" maxlength=\"400\" class=\"wpcf7-form-control wpcf7-text\" aria-invalid=\"false\" value=\"\" type=\"text\" name=\"parent-profession\" \/><\/span>\n        <\/div>\n        <div class=\"col-md-6 form-group\">\n            <label>Parent's telephone number <span class=\"required\">*<\/span><\/label>\n            <span class=\"wpcf7-form-control-wrap\" data-name=\"parent-telephone\"><input size=\"40\" maxlength=\"400\" class=\"wpcf7-form-control wpcf7-tel wpcf7-validates-as-required wpcf7-text wpcf7-validates-as-tel\" aria-required=\"true\" aria-invalid=\"false\" placeholder=\"e.g.: +221 77 123 45 67\" value=\"\" type=\"tel\" name=\"parent-telephone\" \/><\/span>\n        <\/div>\n        <div class=\"col-md-12 form-group\">\n            <label>Email address <span class=\"required\">*<\/span><\/label>\n            <span class=\"wpcf7-form-control-wrap\" data-name=\"parent-email\"><input size=\"40\" maxlength=\"400\" class=\"wpcf7-form-control wpcf7-email wpcf7-validates-as-required wpcf7-text wpcf7-validates-as-email\" aria-required=\"true\" aria-invalid=\"false\" value=\"\" type=\"email\" name=\"parent-email\" \/><\/span>\n        <\/div>\n        <div class=\"col-md-12 form-group\">\n            <label>Full address <span class=\"required\">*<\/span><\/label>\n            <span class=\"wpcf7-form-control-wrap\" data-name=\"parent-adresse\"><input size=\"40\" maxlength=\"400\" class=\"wpcf7-form-control wpcf7-text wpcf7-validates-as-required\" aria-required=\"true\" aria-invalid=\"false\" value=\"\" type=\"text\" name=\"parent-adresse\" \/><\/span>\n        <\/div>\n        \n        <!-- Derni\u00e8re section -->\n        <div class=\"col-md-12 form-group\">\n            <label>How did you hear about our establishment?<\/label>\n            <span class=\"wpcf7-form-control-wrap\" data-name=\"connaissance-etablissement\"><select class=\"wpcf7-form-control wpcf7-select\" aria-invalid=\"false\" name=\"connaissance-etablissement\"><option value=\"Choisissez une option\">Select an option<\/option><option value=\"Recommandation\">Recommandation<\/option><option value=\"Internet\">Internet<\/option><option value=\"R\u00e9seaux sociaux\">Social networks<\/option><option value=\"Publicit\u00e9\">Publicit\u00e9<\/option><option value=\"Autre\">Autre<\/option><\/select><\/span>\n        <\/div>\n        \n        <div class=\"col-md-12 form-group checkbox-group\">\n            <label><span class=\"wpcf7-form-control-wrap\" data-name=\"acceptation-reglement\"><span class=\"wpcf7-form-control wpcf7-checkbox wpcf7-validates-as-required\"><span class=\"wpcf7-list-item first last\"><input type=\"checkbox\" name=\"acceptation-reglement[]\" value=\"Je reconnais avoir pris connaissance du r\u00e8glement int\u00e9rieur et l&#039;accepte\" \/><span class=\"wpcf7-list-item-label\">I acknowledge that I have read and accept the rules and regulations.<\/span><\/span><\/span><\/span><\/label>\n        <\/div>\n        \n        <div class=\"col-md-12 form-group text-center\">\n            <button class=\"vs-btn form wpcf7-submit\" type=\"submit\">Submit the application<\/button>\n        <\/div>\n    <\/div>\n<\/div><div class=\"wpcf7-response-output\" aria-hidden=\"true\"><\/div>\n<input type=\"hidden\" name=\"trp-form-language\" value=\"en\"\/><\/form>\n<\/div>\n<\/div>\n\t\t\t\t\t\t<\/div>\n\t\t\t\t<\/div>\n\t\t\t\t<\/div>\n\t\t\t\t<\/div>\n\t\t\t\t<\/div>\n\t\t\t\t<section class=\"elementor-section elementor-top-section elementor-element elementor-element-8123084 elementor-section-full_width elementor-section-stretched elementor-section-height-default elementor-section-height-default\" data-id=\"8123084\" data-element_type=\"section\" data-settings=\"{&quot;stretch_section&quot;:&quot;section-stretched&quot;}\">\n\t\t\t\t\t\t<div class=\"elementor-container elementor-column-gap-no\">\n\t\t\t\t\t<div class=\"elementor-column elementor-col-100 elementor-top-column elementor-element elementor-element-d626720\" data-id=\"d626720\" data-element_type=\"column\">\n\t\t\t<div class=\"elementor-widget-wrap elementor-element-populated\">\n\t\t\t\t\t\t<section class=\"elementor-section elementor-inner-section elementor-element elementor-element-9335498 elementor-section-content-middle elementor-section-boxed elementor-section-height-default elementor-section-height-default\" data-id=\"9335498\" data-element_type=\"section\">\n\t\t\t\t\t\t<div class=\"elementor-container elementor-column-gap-no\">\n\t\t\t\t\t<div class=\"elementor-column elementor-col-100 elementor-inner-column elementor-element elementor-element-34c0ece\" data-id=\"34c0ece\" data-element_type=\"column\">\n\t\t\t<div class=\"elementor-widget-wrap elementor-element-populated\">\n\t\t\t\t\t\t<div class=\"elementor-element elementor-element-61e2ad1 elementor-widget elementor-widget-google_maps\" data-id=\"61e2ad1\" data-element_type=\"widget\" data-widget_type=\"google_maps.default\">\n\t\t\t\t<div class=\"elementor-widget-container\">\n\t\t\t\t\t\t\t<div class=\"elementor-custom-embed\">\n\t\t\t<iframe loading=\"lazy\"\n\t\t\t\t\tsrc=\"https:\/\/maps.google.com\/maps?q=Zac%20Mbao%2CVilla%20n%C2%B07&#038;t=m&#038;z=13&#038;output=embed&#038;iwloc=near\"\n\t\t\t\t\ttitle=\"Zac Mbao,Villa n\u00b07\"\n\t\t\t\t\taria-label=\"Zac Mbao,Villa n\u00b07\"\n\t\t\t><\/iframe>\n\t\t<\/div>\n\t\t\t\t\t\t<\/div>\n\t\t\t\t<\/div>\n\t\t\t\t\t<\/div>\n\t\t<\/div>\n\t\t\t\t\t<\/div>\n\t\t<\/section>\n\t\t\t\t\t<\/div>\n\t\t<\/div>\n\t\t\t\t\t<\/div>\n\t\t<\/section>\n\t\t\t\t<\/div>","protected":false},"excerpt":{"rendered":"","protected":false},"author":1,"featured_media":0,"parent":0,"menu_order":0,"comment_status":"closed","ping_status":"closed","template":"elementor_header_footer","meta":{"footnotes":""},"class_list":["post-6893","page","type-page","status-publish","hentry"],"yoast_head":"<!-- This site is optimized with the Yoast SEO Premium plugin v25.2 (Yoast SEO v25.3) - https:\/\/yoast.com\/wordpress\/plugins\/seo\/ -->\n<title>Admission \u00c9cole Bilingue S\u00e9n\u00e9gal | Cosaan Education Network<\/title>\n<meta name=\"description\" content=\"Proc\u00e9dure d\u2019admission au Cosaan Education Network : remplissez le formulaire de pr\u00e9-inscription en ligne, suivez l\u2019entretien et inscrivez votre enfant dans une \u00e9cole bilingue au S\u00e9n\u00e9gal.\" \/>\n<meta name=\"robots\" content=\"index, follow, max-snippet:-1, max-image-preview:large, max-video-preview:-1\" \/>\n<link rel=\"canonical\" href=\"https:\/\/censenegal.com\/en\/online-admission\/\" \/>\n<meta property=\"og:locale\" content=\"en_US\" \/>\n<meta property=\"og:type\" content=\"article\" \/>\n<meta property=\"og:title\" content=\"Admission en ligne\" \/>\n<meta property=\"og:description\" content=\"Proc\u00e9dure d\u2019admission au Cosaan Education Network : remplissez le formulaire de pr\u00e9-inscription en ligne, suivez l\u2019entretien et inscrivez votre enfant dans une \u00e9cole bilingue au S\u00e9n\u00e9gal.\" \/>\n<meta property=\"og:url\" content=\"https:\/\/censenegal.com\/en\/online-admission\/\" \/>\n<meta property=\"og:site_name\" content=\"censenegal.com\" \/>\n<meta property=\"article:modified_time\" content=\"2026-02-24T11:29:34+00:00\" \/>\n<meta name=\"twitter:card\" content=\"summary_large_image\" \/>\n<meta name=\"twitter:label1\" content=\"Est. reading time\" \/>\n\t<meta name=\"twitter:data1\" content=\"1 minute\" \/>\n<script type=\"application\/ld+json\" class=\"yoast-schema-graph\">{\"@context\":\"https:\/\/schema.org\",\"@graph\":[{\"@type\":\"WebPage\",\"@id\":\"https:\/\/censenegal.com\/admission-en-ligne\/\",\"url\":\"https:\/\/censenegal.com\/admission-en-ligne\/\",\"name\":\"Admission \u00c9cole Bilingue S\u00e9n\u00e9gal | Cosaan Education Network\",\"isPartOf\":{\"@id\":\"https:\/\/censenegal.com\/#website\"},\"datePublished\":\"2025-04-14T16:05:09+00:00\",\"dateModified\":\"2026-02-24T11:29:34+00:00\",\"description\":\"Proc\u00e9dure d\u2019admission au Cosaan Education Network : remplissez le formulaire de pr\u00e9-inscription en ligne, suivez l\u2019entretien et inscrivez votre enfant dans une \u00e9cole bilingue au S\u00e9n\u00e9gal.\",\"breadcrumb\":{\"@id\":\"https:\/\/censenegal.com\/admission-en-ligne\/#breadcrumb\"},\"inLanguage\":\"en-US\",\"potentialAction\":[{\"@type\":\"ReadAction\",\"target\":[\"https:\/\/censenegal.com\/admission-en-ligne\/\"]}]},{\"@type\":\"BreadcrumbList\",\"@id\":\"https:\/\/censenegal.com\/admission-en-ligne\/#breadcrumb\",\"itemListElement\":[{\"@type\":\"ListItem\",\"position\":1,\"name\":\"Home\",\"item\":\"https:\/\/censenegal.com\/\"},{\"@type\":\"ListItem\",\"position\":2,\"name\":\"Admission en ligne\"}]},{\"@type\":\"WebSite\",\"@id\":\"https:\/\/censenegal.com\/#website\",\"url\":\"https:\/\/censenegal.com\/\",\"name\":\"censenegal.com\",\"description\":\"Cosaan Education Network, bilingue et fi\u00e8rement africaine.\",\"potentialAction\":[{\"@type\":\"SearchAction\",\"target\":{\"@type\":\"EntryPoint\",\"urlTemplate\":\"https:\/\/censenegal.com\/?s={search_term_string}\"},\"query-input\":{\"@type\":\"PropertyValueSpecification\",\"valueRequired\":true,\"valueName\":\"search_term_string\"}}],\"inLanguage\":\"en-US\"}]}<\/script>\n<!-- \/ Yoast SEO Premium plugin. -->","yoast_head_json":{"title":"Admission \u00c9cole Bilingue S\u00e9n\u00e9gal | Cosaan Education Network","description":"Proc\u00e9dure d\u2019admission au Cosaan Education Network : remplissez le formulaire de pr\u00e9-inscription en ligne, suivez l\u2019entretien et inscrivez votre enfant dans une \u00e9cole bilingue au S\u00e9n\u00e9gal.","robots":{"index":"index","follow":"follow","max-snippet":"max-snippet:-1","max-image-preview":"max-image-preview:large","max-video-preview":"max-video-preview:-1"},"canonical":"https:\/\/censenegal.com\/en\/online-admission\/","og_locale":"en_US","og_type":"article","og_title":"Admission en ligne","og_description":"Proc\u00e9dure d\u2019admission au Cosaan Education Network : remplissez le formulaire de pr\u00e9-inscription en ligne, suivez l\u2019entretien et inscrivez votre enfant dans une \u00e9cole bilingue au S\u00e9n\u00e9gal.","og_url":"https:\/\/censenegal.com\/en\/online-admission\/","og_site_name":"censenegal.com","article_modified_time":"2026-02-24T11:29:34+00:00","twitter_card":"summary_large_image","twitter_misc":{"Est. reading time":"1 minute"},"schema":{"@context":"https:\/\/schema.org","@graph":[{"@type":"WebPage","@id":"https:\/\/censenegal.com\/admission-en-ligne\/","url":"https:\/\/censenegal.com\/admission-en-ligne\/","name":"Admission \u00c9cole Bilingue S\u00e9n\u00e9gal | Cosaan Education Network","isPartOf":{"@id":"https:\/\/censenegal.com\/#website"},"datePublished":"2025-04-14T16:05:09+00:00","dateModified":"2026-02-24T11:29:34+00:00","description":"Proc\u00e9dure d\u2019admission au Cosaan Education Network : remplissez le formulaire de pr\u00e9-inscription en ligne, suivez l\u2019entretien et inscrivez votre enfant dans une \u00e9cole bilingue au S\u00e9n\u00e9gal.","breadcrumb":{"@id":"https:\/\/censenegal.com\/admission-en-ligne\/#breadcrumb"},"inLanguage":"en-US","potentialAction":[{"@type":"ReadAction","target":["https:\/\/censenegal.com\/admission-en-ligne\/"]}]},{"@type":"BreadcrumbList","@id":"https:\/\/censenegal.com\/admission-en-ligne\/#breadcrumb","itemListElement":[{"@type":"ListItem","position":1,"name":"Home","item":"https:\/\/censenegal.com\/"},{"@type":"ListItem","position":2,"name":"Admission en ligne"}]},{"@type":"WebSite","@id":"https:\/\/censenegal.com\/#website","url":"https:\/\/censenegal.com\/","name":"censenegal.com","description":"Cosaan Education Network, bilingue et fi\u00e8rement africaine.","potentialAction":[{"@type":"SearchAction","target":{"@type":"EntryPoint","urlTemplate":"https:\/\/censenegal.com\/?s={search_term_string}"},"query-input":{"@type":"PropertyValueSpecification","valueRequired":true,"valueName":"search_term_string"}}],"inLanguage":"en-US"}]}},"_links":{"self":[{"href":"https:\/\/censenegal.com\/en\/wp-json\/wp\/v2\/pages\/6893","targetHints":{"allow":["GET"]}}],"collection":[{"href":"https:\/\/censenegal.com\/en\/wp-json\/wp\/v2\/pages"}],"about":[{"href":"https:\/\/censenegal.com\/en\/wp-json\/wp\/v2\/types\/page"}],"author":[{"embeddable":true,"href":"https:\/\/censenegal.com\/en\/wp-json\/wp\/v2\/users\/1"}],"replies":[{"embeddable":true,"href":"https:\/\/censenegal.com\/en\/wp-json\/wp\/v2\/comments?post=6893"}],"version-history":[{"count":11,"href":"https:\/\/censenegal.com\/en\/wp-json\/wp\/v2\/pages\/6893\/revisions"}],"predecessor-version":[{"id":6992,"href":"https:\/\/censenegal.com\/en\/wp-json\/wp\/v2\/pages\/6893\/revisions\/6992"}],"wp:attachment":[{"href":"https:\/\/censenegal.com\/en\/wp-json\/wp\/v2\/media?parent=6893"}],"curies":[{"name":"wp","href":"https:\/\/api.w.org\/{rel}","templated":true}]}}