{"id":7273,"date":"2025-06-13T09:05:05","date_gmt":"2025-06-13T09:05:05","guid":{"rendered":"https:\/\/censenegal.com\/?page_id=7273"},"modified":"2026-02-26T10:52:40","modified_gmt":"2026-02-26T10:52:40","slug":"our-team-2","status":"publish","type":"page","link":"https:\/\/censenegal.com\/en\/our-team-2\/","title":{"rendered":"Our team"},"content":{"rendered":"<div data-elementor-type=\"wp-page\" data-elementor-id=\"7273\" class=\"elementor elementor-7273\" data-elementor-post-type=\"page\">\n\t\t\t\t<div class=\"elementor-element elementor-element-1dbfb2a e-con-full e-flex e-con e-parent\" data-id=\"1dbfb2a\" data-element_type=\"container\">\n\t\t\t\t<div class=\"elementor-element elementor-element-6410677 elementor-widget elementor-widget-kiddinoteachers\" data-id=\"6410677\" data-element_type=\"widget\" data-settings=\"{&quot;per_line&quot;:&quot;6&quot;,&quot;per_line_tablet&quot;:&quot;6&quot;,&quot;per_line_mobile&quot;:&quot;12&quot;}\" data-widget_type=\"kiddinoteachers.default\">\n\t\t\t\t<div class=\"elementor-widget-container\">\n\t\t\t\t\t<!-- teacher style one -->                          <div class=\"teacher-wrapper\">\n                    <div class=\"row\">\n                        \t\t\t\t\t\t\t\t<div class=\"col-xl-6 col-md-6 col-sm-12\">\n\t\t\t\t\t\t\t\t\t\t\t\t\t\t\t\t\t\t<div class=\"team-style1 layout1\">\n\t\t\t\t\t\t\t\t\t\t\t\t\t\t\t\t\t\t\t\t\t<div class=\"team-img\">\n\t\t\t\t\t\t\t\t\t\t\t\t<a href=\"https:\/\/censenegal.com\/en\/all-teachers\/moussa-diaw\/\">\n\t\t\t\t\t\t\t\t\t\t\t\t\t<img fetchpriority=\"high\" decoding=\"async\" width=\"235\" height=\"300\" src=\"https:\/\/censenegal.com\/wp-content\/uploads\/2025\/05\/MOUSSA-DIAW-235x300.png\" class=\"attachment-medium size-medium wp-post-image\" alt=\"\" srcset=\"https:\/\/censenegal.com\/wp-content\/uploads\/2025\/05\/MOUSSA-DIAW-235x300.png 235w, https:\/\/censenegal.com\/wp-content\/uploads\/2025\/05\/MOUSSA-DIAW-801x1024.png 801w, https:\/\/censenegal.com\/wp-content\/uploads\/2025\/05\/MOUSSA-DIAW-768x982.png 768w, https:\/\/censenegal.com\/wp-content\/uploads\/2025\/05\/MOUSSA-DIAW-9x12.png 9w, https:\/\/censenegal.com\/wp-content\/uploads\/2025\/05\/MOUSSA-DIAW-600x767.png 600w, https:\/\/censenegal.com\/wp-content\/uploads\/2025\/05\/MOUSSA-DIAW.png 845w\" sizes=\"(max-width: 235px) 100vw, 235px\" \/>\t\t\t\t\t\t\t\t\t\t\t\t<\/a>\n\t\t\t\t\t\t\t\t\t\t\t<\/div>\n\t\t\t\t\t\t\t\t\t\t\t\t\t\t\t\t\t\t\t\t\t\t\t\t\t\t\t\t\t\t\t<div class=\"team-content\">\n\t\t\t\t\t\t\t\t\t\t\t\t<h3 class=\"team-name h2\">\n\t\t\t\t\t\t\t\t\t\t\t\t\t<a href=\"https:\/\/censenegal.com\/en\/all-teachers\/moussa-diaw\/\" class=\"text-inherit\">\n\t\t\t\t\t\t\t\t\t\t\t\t\tMOUSSA DIAW\t\t\t\t\t\t\t\t\t\t\t\t\t<\/a>\n\t\t\t\t\t\t\t\t\t\t\t\t<\/h3>\n\t\t\t\t\t\t\t\t\t\t\t\t\t\t\t\t\t\t\t\t\t\t\t\t\t<p class=\"team-degi\">\n\t\t\t\t\t\t\t\t\t\t\t\t\t\tAdministrative Director\t\t\t\t\t\t\t\t\t\t\t\t\t<\/p>\n\t\t\t\t\t\t\t\t\t\t\t\t\t\t\t\t\t\t\t\t\t\t\t\t\t\t\t\t\t\t\t\t\t\t\t\t\t<a href=\"tel:http:\/\/+221%2077%20162%2046%2020\" class=\"team-number\">\n\t\t\t\t\t\t\t\t\t\t\t\t\t\t+221 77 162 46 20\t\t\t\t\t\t\t\t\t\t\t\t\t<\/a>\n\t\t\t\t\t\t\t\t\t\t\t\t\t\t\t\t\t\t\t\t\t\t\t\t\t\t\t\t\t\t\t\t\t\t\t\t\t<div class=\"vs-social\">\n\t\t\t\t\t\t\t\t\t\t\t\t\t\t\t\t\t\t\t\t\t\t\t\t\t\t\t\t\t<a href=\"https:\/\/www.facebook.com\/people\/Cosaan-Education-Network\/61575906875928\/#\">\n\t\t\t\t\t\t\t\t\t\t\t\t\t\t\t\t<i class=\"fab fa-facebook-f\"><\/i>\n\t\t\t\t\t\t\t\t\t\t\t\t\t\t\t<\/a>\n\t\t\t\t\t\t\t\t\t\t\t\t\t\t\t\t\t\t\t\t\t\t\t\t\t\t\t\t\t<a href=\"https:\/\/www.instagram.com\/p\/DIZlyyltVvK\/\">\n\t\t\t\t\t\t\t\t\t\t\t\t\t\t\t\t<i class=\"fab fa-instagram\"><\/i>\n\t\t\t\t\t\t\t\t\t\t\t\t\t\t\t<\/a>\n\t\t\t\t\t\t\t\t\t\t\t\t\t\t\t\t\t\t\t\t\t\t\t\t\t\t\t\t\t<a href=\"https:\/\/www.tiktok.com\/@cosaan.education\">\n\t\t\t\t\t\t\t\t\t\t\t\t\t\t\t\t<i class=\"fab fa-tiktok\"><\/i>\n\t\t\t\t\t\t\t\t\t\t\t\t\t\t\t<\/a>\n\t\t\t\t\t\t\t\t\t\t\t\t\t\t\t\t\t\t\t\t\t\t\t\t\t\t\t<\/div>\n\t\t\t\t\t\t\t\t\t\t\t\t\t\t\t\t\t\t\t\t\t\t\t<\/div>\n\t\t\t\t\t\t\t\t\t\t\t\t\t\t\t\t\t\t\t<\/div>\n\t\t\t\t\t\t\t\t<\/div>\n                        \t\t\t\t\t\t\t\t\t<div class=\"col-xl-6 col-md-6 col-sm-12\">\n\t\t\t\t\t\t\t\t\t\t\t\t\t\t\t\t\t\t<div class=\"team-style1 layout1\">\n\t\t\t\t\t\t\t\t\t\t\t\t\t\t\t\t\t\t\t\t\t<div class=\"team-img\">\n\t\t\t\t\t\t\t\t\t\t\t\t<a href=\"https:\/\/censenegal.com\/en\/all-teachers\/madame-sarr\/\">\n\t\t\t\t\t\t\t\t\t\t\t\t\t<img decoding=\"async\" width=\"235\" height=\"300\" src=\"https:\/\/censenegal.com\/wp-content\/uploads\/2026\/02\/MADAME-SARR-235x300.jpeg\" class=\"attachment-medium size-medium wp-post-image\" alt=\"\" srcset=\"https:\/\/censenegal.com\/wp-content\/uploads\/2026\/02\/MADAME-SARR-235x300.jpeg 235w, https:\/\/censenegal.com\/wp-content\/uploads\/2026\/02\/MADAME-SARR-801x1024.jpeg 801w, https:\/\/censenegal.com\/wp-content\/uploads\/2026\/02\/MADAME-SARR-768x982.jpeg 768w, https:\/\/censenegal.com\/wp-content\/uploads\/2026\/02\/MADAME-SARR-9x12.jpeg 9w, https:\/\/censenegal.com\/wp-content\/uploads\/2026\/02\/MADAME-SARR-600x767.jpeg 600w, https:\/\/censenegal.com\/wp-content\/uploads\/2026\/02\/MADAME-SARR.jpeg 845w\" sizes=\"(max-width: 235px) 100vw, 235px\" \/>\t\t\t\t\t\t\t\t\t\t\t\t<\/a>\n\t\t\t\t\t\t\t\t\t\t\t<\/div>\n\t\t\t\t\t\t\t\t\t\t\t\t\t\t\t\t\t\t\t\t\t\t\t\t\t\t\t\t\t\t\t<div class=\"team-content\">\n\t\t\t\t\t\t\t\t\t\t\t\t<h3 class=\"team-name h2\">\n\t\t\t\t\t\t\t\t\t\t\t\t\t<a href=\"https:\/\/censenegal.com\/en\/all-teachers\/madame-sarr\/\" class=\"text-inherit\">\n\t\t\t\t\t\t\t\t\t\t\t\t\tMADAME SARR\t\t\t\t\t\t\t\t\t\t\t\t\t<\/a>\n\t\t\t\t\t\t\t\t\t\t\t\t<\/h3>\n\t\t\t\t\t\t\t\t\t\t\t\t\t\t\t\t\t\t\t\t\t\t\t\t\t<p class=\"team-degi\">\n\t\t\t\t\t\t\t\t\t\t\t\t\t\tDirectrice p\u00e9dagogique\t\t\t\t\t\t\t\t\t\t\t\t\t<\/p>\n\t\t\t\t\t\t\t\t\t\t\t\t\t\t\t\t\t\t\t\t\t\t\t\t\t\t\t\t\t\t\t\t\t\t\t\t\t\t\t\t\t\t\t\t\t\t\t\t\t<div class=\"vs-social\">\n\t\t\t\t\t\t\t\t\t\t\t\t\t\t\t\t\t\t\t\t\t\t\t\t\t\t\t\t\t<a href=\"https:\/\/www.facebook.com\/people\/Cosaan-Education-Network\/61575906875928\/#\">\n\t\t\t\t\t\t\t\t\t\t\t\t\t\t\t\t<i class=\"fab fa-facebook-f\"><\/i>\n\t\t\t\t\t\t\t\t\t\t\t\t\t\t\t<\/a>\n\t\t\t\t\t\t\t\t\t\t\t\t\t\t\t\t\t\t\t\t\t\t\t\t\t\t\t\t\t<a href=\"https:\/\/www.instagram.com\/p\/DIZlyyltVvK\/\">\n\t\t\t\t\t\t\t\t\t\t\t\t\t\t\t\t<i class=\"fab fa-instagram\"><\/i>\n\t\t\t\t\t\t\t\t\t\t\t\t\t\t\t<\/a>\n\t\t\t\t\t\t\t\t\t\t\t\t\t\t\t\t\t\t\t\t\t\t\t\t\t\t\t\t\t<a href=\"https:\/\/www.tiktok.com\/@cosaan.education\">\n\t\t\t\t\t\t\t\t\t\t\t\t\t\t\t\t<i class=\"fab fa-tiktok\"><\/i>\n\t\t\t\t\t\t\t\t\t\t\t\t\t\t\t<\/a>\n\t\t\t\t\t\t\t\t\t\t\t\t\t\t\t\t\t\t\t\t\t\t\t\t\t\t\t<\/div>\n\t\t\t\t\t\t\t\t\t\t\t\t\t\t\t\t\t\t\t\t\t\t\t<\/div>\n\t\t\t\t\t\t\t\t\t\t\t\t\t\t\t\t\t\t\t<\/div>\n\t\t\t\t\t\t\t\t<\/div>\n                        \t\t\t\t\t\t\t\t\t<div class=\"col-xl-6 col-md-6 col-sm-12\">\n\t\t\t\t\t\t\t\t\t\t\t\t\t\t\t\t\t\t<div class=\"team-style1 layout1\">\n\t\t\t\t\t\t\t\t\t\t\t\t\t\t\t\t\t\t\t\t\t<div class=\"team-img\">\n\t\t\t\t\t\t\t\t\t\t\t\t<a href=\"https:\/\/censenegal.com\/en\/all-teachers\/aida-konare\/\">\n\t\t\t\t\t\t\t\t\t\t\t\t\t<img decoding=\"async\" width=\"235\" height=\"300\" src=\"https:\/\/censenegal.com\/wp-content\/uploads\/2025\/05\/AIDA-KONARE-235x300.png\" class=\"attachment-medium size-medium wp-post-image\" alt=\"\" srcset=\"https:\/\/censenegal.com\/wp-content\/uploads\/2025\/05\/AIDA-KONARE-235x300.png 235w, https:\/\/censenegal.com\/wp-content\/uploads\/2025\/05\/AIDA-KONARE-801x1024.png 801w, https:\/\/censenegal.com\/wp-content\/uploads\/2025\/05\/AIDA-KONARE-768x982.png 768w, https:\/\/censenegal.com\/wp-content\/uploads\/2025\/05\/AIDA-KONARE-9x12.png 9w, https:\/\/censenegal.com\/wp-content\/uploads\/2025\/05\/AIDA-KONARE-600x767.png 600w, https:\/\/censenegal.com\/wp-content\/uploads\/2025\/05\/AIDA-KONARE.png 845w\" sizes=\"(max-width: 235px) 100vw, 235px\" \/>\t\t\t\t\t\t\t\t\t\t\t\t<\/a>\n\t\t\t\t\t\t\t\t\t\t\t<\/div>\n\t\t\t\t\t\t\t\t\t\t\t\t\t\t\t\t\t\t\t\t\t\t\t\t\t\t\t\t\t\t\t<div class=\"team-content\">\n\t\t\t\t\t\t\t\t\t\t\t\t<h3 class=\"team-name h2\">\n\t\t\t\t\t\t\t\t\t\t\t\t\t<a href=\"https:\/\/censenegal.com\/en\/all-teachers\/aida-konare\/\" class=\"text-inherit\">\n\t\t\t\t\t\t\t\t\t\t\t\t\tAIDA KONAR\u00c9\t\t\t\t\t\t\t\t\t\t\t\t\t<\/a>\n\t\t\t\t\t\t\t\t\t\t\t\t<\/h3>\n\t\t\t\t\t\t\t\t\t\t\t\t\t\t\t\t\t\t\t\t\t\t\t\t\t<p class=\"team-degi\">\n\t\t\t\t\t\t\t\t\t\t\t\t\t\tAssistante administrative\t\t\t\t\t\t\t\t\t\t\t\t\t<\/p>\n\t\t\t\t\t\t\t\t\t\t\t\t\t\t\t\t\t\t\t\t\t\t\t\t\t\t\t\t\t\t\t\t\t\t\t\t\t\t\t\t\t\t\t\t\t\t\t\t\t<div class=\"vs-social\">\n\t\t\t\t\t\t\t\t\t\t\t\t\t\t\t\t\t\t\t\t\t\t\t\t\t\t\t\t\t<a href=\"https:\/\/www.facebook.com\/people\/Cosaan-Education-Network\/61575906875928\/#\">\n\t\t\t\t\t\t\t\t\t\t\t\t\t\t\t\t<i class=\"fab fa-facebook-f\"><\/i>\n\t\t\t\t\t\t\t\t\t\t\t\t\t\t\t<\/a>\n\t\t\t\t\t\t\t\t\t\t\t\t\t\t\t\t\t\t\t\t\t\t\t\t\t\t\t\t\t<a href=\"https:\/\/www.instagram.com\/p\/DIZlyyltVvK\/\">\n\t\t\t\t\t\t\t\t\t\t\t\t\t\t\t\t<i class=\"fab fa-instagram\"><\/i>\n\t\t\t\t\t\t\t\t\t\t\t\t\t\t\t<\/a>\n\t\t\t\t\t\t\t\t\t\t\t\t\t\t\t\t\t\t\t\t\t\t\t\t\t\t\t\t\t<a href=\"https:\/\/www.tiktok.com\/@cosaan.education\">\n\t\t\t\t\t\t\t\t\t\t\t\t\t\t\t\t<i class=\"fab fa-tiktok\"><\/i>\n\t\t\t\t\t\t\t\t\t\t\t\t\t\t\t<\/a>\n\t\t\t\t\t\t\t\t\t\t\t\t\t\t\t\t\t\t\t\t\t\t\t\t\t\t\t<\/div>\n\t\t\t\t\t\t\t\t\t\t\t\t\t\t\t\t\t\t\t\t\t\t\t<\/div>\n\t\t\t\t\t\t\t\t\t\t\t\t\t\t\t\t\t\t\t<\/div>\n\t\t\t\t\t\t\t\t<\/div>\n                        \t\t\t\t\t\t\t\t\t<div class=\"col-xl-6 col-md-6 col-sm-12\">\n\t\t\t\t\t\t\t\t\t\t\t\t\t\t\t\t\t\t<div class=\"team-style1 layout1\">\n\t\t\t\t\t\t\t\t\t\t\t\t\t\t\t\t\t\t\t\t\t<div class=\"team-img\">\n\t\t\t\t\t\t\t\t\t\t\t\t<a href=\"https:\/\/censenegal.com\/en\/all-teachers\/ndeye-marie-hassane\/\">\n\t\t\t\t\t\t\t\t\t\t\t\t\t<img loading=\"lazy\" decoding=\"async\" width=\"235\" height=\"300\" src=\"https:\/\/censenegal.com\/wp-content\/uploads\/2025\/05\/NDEYE-MARIE-HASSANE-235x300.png\" class=\"attachment-medium size-medium wp-post-image\" alt=\"\" srcset=\"https:\/\/censenegal.com\/wp-content\/uploads\/2025\/05\/NDEYE-MARIE-HASSANE-235x300.png 235w, https:\/\/censenegal.com\/wp-content\/uploads\/2025\/05\/NDEYE-MARIE-HASSANE-801x1024.png 801w, https:\/\/censenegal.com\/wp-content\/uploads\/2025\/05\/NDEYE-MARIE-HASSANE-768x982.png 768w, https:\/\/censenegal.com\/wp-content\/uploads\/2025\/05\/NDEYE-MARIE-HASSANE-9x12.png 9w, https:\/\/censenegal.com\/wp-content\/uploads\/2025\/05\/NDEYE-MARIE-HASSANE-600x767.png 600w, https:\/\/censenegal.com\/wp-content\/uploads\/2025\/05\/NDEYE-MARIE-HASSANE.png 845w\" sizes=\"(max-width: 235px) 100vw, 235px\" \/>\t\t\t\t\t\t\t\t\t\t\t\t<\/a>\n\t\t\t\t\t\t\t\t\t\t\t<\/div>\n\t\t\t\t\t\t\t\t\t\t\t\t\t\t\t\t\t\t\t\t\t\t\t\t\t\t\t\t\t\t\t<div class=\"team-content\">\n\t\t\t\t\t\t\t\t\t\t\t\t<h3 class=\"team-name h2\">\n\t\t\t\t\t\t\t\t\t\t\t\t\t<a href=\"https:\/\/censenegal.com\/en\/all-teachers\/ndeye-marie-hassane\/\" class=\"text-inherit\">\n\t\t\t\t\t\t\t\t\t\t\t\t\tNDEYE MARIE HASSANE\t\t\t\t\t\t\t\t\t\t\t\t\t<\/a>\n\t\t\t\t\t\t\t\t\t\t\t\t<\/h3>\n\t\t\t\t\t\t\t\t\t\t\t\t\t\t\t\t\t\t\t\t\t\t\t\t\t<p class=\"team-degi\">\n\t\t\t\t\t\t\t\t\t\t\t\t\t\tComptable\t\t\t\t\t\t\t\t\t\t\t\t\t<\/p>\n\t\t\t\t\t\t\t\t\t\t\t\t\t\t\t\t\t\t\t\t\t\t\t\t\t\t\t\t\t\t\t\t\t\t\t\t\t\t\t\t\t\t\t\t\t\t\t\t\t<div class=\"vs-social\">\n\t\t\t\t\t\t\t\t\t\t\t\t\t\t\t\t\t\t\t\t\t\t\t\t\t\t\t\t\t<a href=\"https:\/\/www.facebook.com\/people\/Cosaan-Education-Network\/61575906875928\/#\">\n\t\t\t\t\t\t\t\t\t\t\t\t\t\t\t\t<i class=\"fab fa-facebook-f\"><\/i>\n\t\t\t\t\t\t\t\t\t\t\t\t\t\t\t<\/a>\n\t\t\t\t\t\t\t\t\t\t\t\t\t\t\t\t\t\t\t\t\t\t\t\t\t\t\t\t\t<a href=\"https:\/\/www.instagram.com\/p\/DIZlyyltVvK\/\">\n\t\t\t\t\t\t\t\t\t\t\t\t\t\t\t\t<i class=\"fab fa-instagram\"><\/i>\n\t\t\t\t\t\t\t\t\t\t\t\t\t\t\t<\/a>\n\t\t\t\t\t\t\t\t\t\t\t\t\t\t\t\t\t\t\t\t\t\t\t\t\t\t\t\t\t<a href=\"https:\/\/www.tiktok.com\/@cosaan.education\">\n\t\t\t\t\t\t\t\t\t\t\t\t\t\t\t\t<i class=\"fab fa-tiktok\"><\/i>\n\t\t\t\t\t\t\t\t\t\t\t\t\t\t\t<\/a>\n\t\t\t\t\t\t\t\t\t\t\t\t\t\t\t\t\t\t\t\t\t\t\t\t\t\t\t<\/div>\n\t\t\t\t\t\t\t\t\t\t\t\t\t\t\t\t\t\t\t\t\t\t\t<\/div>\n\t\t\t\t\t\t\t\t\t\t\t\t\t\t\t\t\t\t\t<\/div>\n\t\t\t\t\t\t\t\t<\/div>\n                        \t\t\t\t\t\t\t\t\t<div class=\"col-xl-6 col-md-6 col-sm-12\">\n\t\t\t\t\t\t\t\t\t\t\t\t\t\t\t\t\t\t<div class=\"team-style1 layout1\">\n\t\t\t\t\t\t\t\t\t\t\t\t\t\t\t\t\t\t\t\t\t<div class=\"team-img\">\n\t\t\t\t\t\t\t\t\t\t\t\t<a href=\"https:\/\/censenegal.com\/en\/all-teachers\/abdou-kebe\/\">\n\t\t\t\t\t\t\t\t\t\t\t\t\t<img loading=\"lazy\" decoding=\"async\" width=\"235\" height=\"300\" src=\"https:\/\/censenegal.com\/wp-content\/uploads\/2025\/05\/Agent-de-Securite-235x300.png\" class=\"attachment-medium size-medium wp-post-image\" alt=\"\" srcset=\"https:\/\/censenegal.com\/wp-content\/uploads\/2025\/05\/Agent-de-Securite-235x300.png 235w, https:\/\/censenegal.com\/wp-content\/uploads\/2025\/05\/Agent-de-Securite-801x1024.png 801w, https:\/\/censenegal.com\/wp-content\/uploads\/2025\/05\/Agent-de-Securite-768x982.png 768w, https:\/\/censenegal.com\/wp-content\/uploads\/2025\/05\/Agent-de-Securite-9x12.png 9w, https:\/\/censenegal.com\/wp-content\/uploads\/2025\/05\/Agent-de-Securite-600x767.png 600w, https:\/\/censenegal.com\/wp-content\/uploads\/2025\/05\/Agent-de-Securite.png 845w\" sizes=\"(max-width: 235px) 100vw, 235px\" \/>\t\t\t\t\t\t\t\t\t\t\t\t<\/a>\n\t\t\t\t\t\t\t\t\t\t\t<\/div>\n\t\t\t\t\t\t\t\t\t\t\t\t\t\t\t\t\t\t\t\t\t\t\t\t\t\t\t\t\t\t\t<div class=\"team-content\">\n\t\t\t\t\t\t\t\t\t\t\t\t<h3 class=\"team-name h2\">\n\t\t\t\t\t\t\t\t\t\t\t\t\t<a href=\"https:\/\/censenegal.com\/en\/all-teachers\/abdou-kebe\/\" class=\"text-inherit\">\n\t\t\t\t\t\t\t\t\t\t\t\t\tABDOU K\u00c9B\u00c9\t\t\t\t\t\t\t\t\t\t\t\t\t<\/a>\n\t\t\t\t\t\t\t\t\t\t\t\t<\/h3>\n\t\t\t\t\t\t\t\t\t\t\t\t\t\t\t\t\t\t\t\t\t\t\t\t\t<p class=\"team-degi\">\n\t\t\t\t\t\t\t\t\t\t\t\t\t\tAgent de S\u00e9curit\u00e9\t\t\t\t\t\t\t\t\t\t\t\t\t<\/p>\n\t\t\t\t\t\t\t\t\t\t\t\t\t\t\t\t\t\t\t\t\t\t\t\t\t\t\t\t\t\t\t\t\t\t\t\t\t\t\t\t\t\t\t\t\t\t\t<\/div>\n\t\t\t\t\t\t\t\t\t\t\t\t\t\t\t\t\t\t\t<\/div>\n\t\t\t\t\t\t\t\t<\/div>\n                        \t                    <\/div>\n                <\/div>\n                   \t\t\t\t<\/div>\n\t\t\t\t<\/div>\n\t\t\t\t<\/div>\n\t\t\t\t<\/div>","protected":false},"excerpt":{"rendered":"<p>MOUSSA DIAW Directeur Administratif +221 77 162 46 20 MADAME SARR Directrice p\u00e9dagogique AIDA KONAR\u00c9 Assistante administrative NDEYE MARIE HASSANE Comptable<\/p>","protected":false},"author":1,"featured_media":5804,"parent":0,"menu_order":0,"comment_status":"closed","ping_status":"closed","template":"","meta":{"footnotes":""},"class_list":["post-7273","page","type-page","status-publish","has-post-thumbnail","hentry"],"yoast_head":"<!-- This site is optimized with the Yoast SEO Premium plugin v25.2 (Yoast SEO v25.3) - https:\/\/yoast.com\/wordpress\/plugins\/seo\/ -->\n<title>Notre \u00e9quipe \u2013 Cosaan Education Network S\u00e9n\u00e9gal<\/title>\n<meta name=\"description\" content=\"D\u00e9couvrez l\u2019\u00e9quipe p\u00e9dagogique du Cosaan Education Network : des \u00e9ducateurs passionn\u00e9s engag\u00e9s pour une \u00e9ducation bilingue et culturelle au S\u00e9n\u00e9gal.\" \/>\n<meta name=\"robots\" content=\"index, follow, max-snippet:-1, max-image-preview:large, max-video-preview:-1\" \/>\n<link rel=\"canonical\" href=\"https:\/\/censenegal.com\/en\/our-team-2\/\" \/>\n<meta property=\"og:locale\" content=\"en_US\" \/>\n<meta property=\"og:type\" content=\"article\" \/>\n<meta property=\"og:title\" content=\"Notre equipe\" \/>\n<meta property=\"og:description\" content=\"D\u00e9couvrez l\u2019\u00e9quipe p\u00e9dagogique du Cosaan Education Network : des \u00e9ducateurs passionn\u00e9s engag\u00e9s pour une \u00e9ducation bilingue et culturelle au S\u00e9n\u00e9gal.\" \/>\n<meta property=\"og:url\" content=\"https:\/\/censenegal.com\/en\/our-team-2\/\" \/>\n<meta property=\"og:site_name\" content=\"censenegal.com\" \/>\n<meta property=\"article:modified_time\" content=\"2026-02-26T10:52:40+00:00\" \/>\n<meta property=\"og:image\" content=\"https:\/\/censenegal.com\/wp-content\/uploads\/2025\/04\/Arts-Culture-2.png\" \/>\n\t<meta property=\"og:image:width\" content=\"512\" \/>\n\t<meta property=\"og:image:height\" content=\"512\" \/>\n\t<meta property=\"og:image:type\" content=\"image\/png\" \/>\n<meta name=\"twitter:card\" content=\"summary_large_image\" \/>\n<meta name=\"twitter:label1\" content=\"Est. reading time\" \/>\n\t<meta name=\"twitter:data1\" content=\"1 minute\" \/>\n<script type=\"application\/ld+json\" class=\"yoast-schema-graph\">{\"@context\":\"https:\/\/schema.org\",\"@graph\":[{\"@type\":\"WebPage\",\"@id\":\"https:\/\/censenegal.com\/lequipe\/\",\"url\":\"https:\/\/censenegal.com\/lequipe\/\",\"name\":\"Notre \u00e9quipe \u2013 Cosaan Education Network S\u00e9n\u00e9gal\",\"isPartOf\":{\"@id\":\"https:\/\/censenegal.com\/#website\"},\"primaryImageOfPage\":{\"@id\":\"https:\/\/censenegal.com\/lequipe\/#primaryimage\"},\"image\":{\"@id\":\"https:\/\/censenegal.com\/lequipe\/#primaryimage\"},\"thumbnailUrl\":\"https:\/\/censenegal.com\/wp-content\/uploads\/2025\/04\/Arts-Culture-2.png\",\"datePublished\":\"2025-06-13T09:05:05+00:00\",\"dateModified\":\"2026-02-26T10:52:40+00:00\",\"description\":\"D\u00e9couvrez l\u2019\u00e9quipe p\u00e9dagogique du Cosaan Education Network : des \u00e9ducateurs passionn\u00e9s engag\u00e9s pour une \u00e9ducation bilingue et culturelle au S\u00e9n\u00e9gal.\",\"breadcrumb\":{\"@id\":\"https:\/\/censenegal.com\/lequipe\/#breadcrumb\"},\"inLanguage\":\"en-US\",\"potentialAction\":[{\"@type\":\"ReadAction\",\"target\":[\"https:\/\/censenegal.com\/lequipe\/\"]}]},{\"@type\":\"ImageObject\",\"inLanguage\":\"en-US\",\"@id\":\"https:\/\/censenegal.com\/lequipe\/#primaryimage\",\"url\":\"https:\/\/censenegal.com\/wp-content\/uploads\/2025\/04\/Arts-Culture-2.png\",\"contentUrl\":\"https:\/\/censenegal.com\/wp-content\/uploads\/2025\/04\/Arts-Culture-2.png\",\"width\":512,\"height\":512},{\"@type\":\"BreadcrumbList\",\"@id\":\"https:\/\/censenegal.com\/lequipe\/#breadcrumb\",\"itemListElement\":[{\"@type\":\"ListItem\",\"position\":1,\"name\":\"Home\",\"item\":\"https:\/\/censenegal.com\/\"},{\"@type\":\"ListItem\",\"position\":2,\"name\":\"Notre equipe\"}]},{\"@type\":\"WebSite\",\"@id\":\"https:\/\/censenegal.com\/#website\",\"url\":\"https:\/\/censenegal.com\/\",\"name\":\"censenegal.com\",\"description\":\"Cosaan Education Network, bilingue et fi\u00e8rement africaine.\",\"potentialAction\":[{\"@type\":\"SearchAction\",\"target\":{\"@type\":\"EntryPoint\",\"urlTemplate\":\"https:\/\/censenegal.com\/?s={search_term_string}\"},\"query-input\":{\"@type\":\"PropertyValueSpecification\",\"valueRequired\":true,\"valueName\":\"search_term_string\"}}],\"inLanguage\":\"en-US\"}]}<\/script>\n<!-- \/ Yoast SEO Premium plugin. -->","yoast_head_json":{"title":"Notre \u00e9quipe \u2013 Cosaan Education Network S\u00e9n\u00e9gal","description":"D\u00e9couvrez l\u2019\u00e9quipe p\u00e9dagogique du Cosaan Education Network : des \u00e9ducateurs passionn\u00e9s engag\u00e9s pour une \u00e9ducation bilingue et culturelle au S\u00e9n\u00e9gal.","robots":{"index":"index","follow":"follow","max-snippet":"max-snippet:-1","max-image-preview":"max-image-preview:large","max-video-preview":"max-video-preview:-1"},"canonical":"https:\/\/censenegal.com\/en\/our-team-2\/","og_locale":"en_US","og_type":"article","og_title":"Notre equipe","og_description":"D\u00e9couvrez l\u2019\u00e9quipe p\u00e9dagogique du Cosaan Education Network : des \u00e9ducateurs passionn\u00e9s engag\u00e9s pour une \u00e9ducation bilingue et culturelle au S\u00e9n\u00e9gal.","og_url":"https:\/\/censenegal.com\/en\/our-team-2\/","og_site_name":"censenegal.com","article_modified_time":"2026-02-26T10:52:40+00:00","og_image":[{"width":512,"height":512,"url":"https:\/\/censenegal.com\/wp-content\/uploads\/2025\/04\/Arts-Culture-2.png","type":"image\/png"}],"twitter_card":"summary_large_image","twitter_misc":{"Est. reading time":"1 minute"},"schema":{"@context":"https:\/\/schema.org","@graph":[{"@type":"WebPage","@id":"https:\/\/censenegal.com\/lequipe\/","url":"https:\/\/censenegal.com\/lequipe\/","name":"Notre \u00e9quipe \u2013 Cosaan Education Network S\u00e9n\u00e9gal","isPartOf":{"@id":"https:\/\/censenegal.com\/#website"},"primaryImageOfPage":{"@id":"https:\/\/censenegal.com\/lequipe\/#primaryimage"},"image":{"@id":"https:\/\/censenegal.com\/lequipe\/#primaryimage"},"thumbnailUrl":"https:\/\/censenegal.com\/wp-content\/uploads\/2025\/04\/Arts-Culture-2.png","datePublished":"2025-06-13T09:05:05+00:00","dateModified":"2026-02-26T10:52:40+00:00","description":"D\u00e9couvrez l\u2019\u00e9quipe p\u00e9dagogique du Cosaan Education Network : des \u00e9ducateurs passionn\u00e9s engag\u00e9s pour une \u00e9ducation bilingue et culturelle au S\u00e9n\u00e9gal.","breadcrumb":{"@id":"https:\/\/censenegal.com\/lequipe\/#breadcrumb"},"inLanguage":"en-US","potentialAction":[{"@type":"ReadAction","target":["https:\/\/censenegal.com\/lequipe\/"]}]},{"@type":"ImageObject","inLanguage":"en-US","@id":"https:\/\/censenegal.com\/lequipe\/#primaryimage","url":"https:\/\/censenegal.com\/wp-content\/uploads\/2025\/04\/Arts-Culture-2.png","contentUrl":"https:\/\/censenegal.com\/wp-content\/uploads\/2025\/04\/Arts-Culture-2.png","width":512,"height":512},{"@type":"BreadcrumbList","@id":"https:\/\/censenegal.com\/lequipe\/#breadcrumb","itemListElement":[{"@type":"ListItem","position":1,"name":"Home","item":"https:\/\/censenegal.com\/"},{"@type":"ListItem","position":2,"name":"Notre equipe"}]},{"@type":"WebSite","@id":"https:\/\/censenegal.com\/#website","url":"https:\/\/censenegal.com\/","name":"censenegal.com","description":"Cosaan Education Network, bilingue et fi\u00e8rement africaine.","potentialAction":[{"@type":"SearchAction","target":{"@type":"EntryPoint","urlTemplate":"https:\/\/censenegal.com\/?s={search_term_string}"},"query-input":{"@type":"PropertyValueSpecification","valueRequired":true,"valueName":"search_term_string"}}],"inLanguage":"en-US"}]}},"_links":{"self":[{"href":"https:\/\/censenegal.com\/en\/wp-json\/wp\/v2\/pages\/7273","targetHints":{"allow":["GET"]}}],"collection":[{"href":"https:\/\/censenegal.com\/en\/wp-json\/wp\/v2\/pages"}],"about":[{"href":"https:\/\/censenegal.com\/en\/wp-json\/wp\/v2\/types\/page"}],"author":[{"embeddable":true,"href":"https:\/\/censenegal.com\/en\/wp-json\/wp\/v2\/users\/1"}],"replies":[{"embeddable":true,"href":"https:\/\/censenegal.com\/en\/wp-json\/wp\/v2\/comments?post=7273"}],"version-history":[{"count":45,"href":"https:\/\/censenegal.com\/en\/wp-json\/wp\/v2\/pages\/7273\/revisions"}],"predecessor-version":[{"id":8246,"href":"https:\/\/censenegal.com\/en\/wp-json\/wp\/v2\/pages\/7273\/revisions\/8246"}],"wp:featuredmedia":[{"embeddable":true,"href":"https:\/\/censenegal.com\/en\/wp-json\/wp\/v2\/media\/5804"}],"wp:attachment":[{"href":"https:\/\/censenegal.com\/en\/wp-json\/wp\/v2\/media?parent=7273"}],"curies":[{"name":"wp","href":"https:\/\/api.w.org\/{rel}","templated":true}]}}