{"id":8079,"date":"2025-08-09T10:52:50","date_gmt":"2025-08-09T10:52:50","guid":{"rendered":"https:\/\/censenegal.com\/?page_id=8079"},"modified":"2026-03-03T10:58:56","modified_gmt":"2026-03-03T10:58:56","slug":"liste-fournitures-scolaires-cm1-cen-senegal","status":"publish","type":"page","link":"https:\/\/censenegal.com\/en\/liste-fournitures-scolaires-cm1-cen-senegal\/","title":{"rendered":"Liste Fournitures Scolaires CM1 Cen S\u00e9n\u00e9gal"},"content":{"rendered":"<div data-elementor-type=\"wp-page\" data-elementor-id=\"8079\" class=\"elementor elementor-8079\" data-elementor-post-type=\"page\">\n\t\t\t\t<div class=\"elementor-element elementor-element-a12bc74 e-flex e-con-boxed e-con e-parent\" data-id=\"a12bc74\" data-element_type=\"container\">\n\t\t\t\t\t<div class=\"e-con-inner\">\n\t\t\t\t<div class=\"elementor-element elementor-element-81e6164 elementor-widget elementor-widget-html\" data-id=\"81e6164\" data-element_type=\"widget\" data-widget_type=\"html.default\">\n\t\t\t\t<div class=\"elementor-widget-container\">\n\t\t\t\t\t<div style=\"  font-family: 'Segoe UI', Arial, sans-serif;  line-height: 1.7;  color: #333;  max-width: 100%;  margin: 15px auto;  padding: 20px 15px;  background: #fff;  border-radius: 10px;  box-shadow: 0 2px 8px rgba(0,0,0,0.1);  box-sizing: border-box;\">\r\n\r\n  <!-- Titre -->\r\n  <h2 style=\"    text-align: center;    color: #58101a;    font-size: 24px;    margin-bottom: 8px;  \">\r\n    \ud83d\udccb School Supplies List\r\n  <\/h2>\r\n  <h3 style=\"    text-align: center;    color: #e18d06;    font-size: 19px;    margin-top: 0;  \">\r\n    Classe de CM1 \u2013 Ann\u00e9e Scolaire 2025-2026\r\n  <\/h3>\r\n\r\n  <!-- Note importante -->\r\n  <p style=\"    background-color: #fff8e6;    color: #d9534f;    font-style: italic;    font-weight: bold;    padding: 12px;    border: 1px dashed #e18d06;    border-radius: 8px;    font-size: 14px;    text-align: center;    margin: 20px 0;  \">\r\n    \ud83d\udd16 <strong>Important :<\/strong> Veuillez marquer <strong>tout le mat\u00e9riel au nom de votre enfant<\/strong>.\r\n  <\/p>\r\n\r\n  <hr style=\"border: 1px solid #eee; margin: 25px 0;\">\r\n\r\n  <!-- Tableau : Manuels -->\r\n  <h3 style=\"    color: #58101a;    border-bottom: 2px solid #e18d06;    padding-bottom: 5px;    font-size: 18px;    margin-top: 20px;  \">\r\n    \ud83d\udcd8 Manuels Scolaires (DIDAKTIKOS)\r\n  <\/h3>\r\n  <table style=\"    width: 100%;    border-collapse: collapse;    margin: 15px 0;    font-size: 15px;  \">\r\n    <thead>\r\n      <tr style=\"background-color: #f9f9f9;\">\r\n        <th style=\"          padding: 12px;          border: 1px solid #ddd;          border-radius: 6px 0 0 6px;          color: #58101a;          font-weight: bold;          text-align: left;        \">\r\n          Mati\u00e8re\r\n        <\/th>\r\n      <\/tr>\r\n    <\/thead>\r\n    <tbody>\r\n      <tr><td style=\"padding: 10px; border: 1px solid #ddd;\">Math\u00e9matique<\/td><\/tr>\r\n      <tr style=\"background-color: #f9f9f9;\"><td style=\"padding: 10px; border: 1px solid #ddd;\">Langues et Communication<\/td><\/tr>\r\n      <tr><td style=\"padding: 10px; border: 1px solid #ddd;\">Lecture<\/td><\/tr>\r\n      <tr style=\"background-color: #f9f9f9;\"><td style=\"padding: 10px; border: 1px solid #ddd;\">\u00c9criture<\/td><\/tr>\r\n      <tr><td style=\"padding: 10px; border: 1px solid #ddd;\">D\u00e9couverte du monde<\/td><\/tr>\r\n      <tr style=\"background-color: #f9f9f9;\"><td style=\"padding: 10px; border: 1px solid #ddd;\">D\u00e9veloppement durable<\/td><\/tr>\r\n      <tr><td style=\"padding: 10px; border: 1px solid #ddd;\">Dictionnaire Larousse<\/td><\/tr>\r\n    <\/tbody>\r\n  <\/table>\r\n\r\n  <!-- Tableau : Fournitures -->\r\n  <h3 style=\"    color: #58101a;    border-bottom: 2px solid #e18d06;    padding-bottom: 5px;    font-size: 18px;    margin-top: 20px;  \">\r\n    \ud83d\udcce Fournitures Scolaires\r\n  <\/h3>\r\n  <table style=\"    width: 100%;    border-collapse: collapse;    margin: 15px 0;    font-size: 15px;  \">\r\n    <thead>\r\n      <tr style=\"background-color: #f9f9f9;\">\r\n        <th style=\"          padding: 12px;          border: 1px solid #ddd;          width: 35%;          border-radius: 6px 0 0 6px;          color: #58101a;          font-weight: bold;          text-align: left;        \">\r\n          Cat\u00e9gorie\r\n        <\/th>\r\n        <th style=\"          padding: 12px;          border: 1px solid #ddd;          border-radius: 0 6px 6px 0;          color: #58101a;          font-weight: bold;          text-align: left;        \">\r\n          Article\r\n        <\/th>\r\n      <\/tr>\r\n    <\/thead>\r\n    <tbody>\r\n      <tr><td style=\"padding: 10px; border: 1px solid #ddd; font-weight: bold; background-color: #fdf2f0; color: #58101a;\">Cahiers<\/td>\r\n        <td style=\"padding: 10px; border: 1px solid #ddd;\">3 cahiers (24 x 32 cm), 48 pages, couverture polypro (bleu, jaune, rouge)<\/td>\r\n      <\/tr>\r\n      <tr style=\"background-color: #f9f9f9;\"><td><\/td><td>4 cahiers (17 x 22 cm), 96 pages, couverture polypro (vert)<\/td><\/tr>\r\n      <tr><td><\/td><td>1 cahier de travaux pratiques (24 x 32 cm), 48 pages, couverture polypro transparente<\/td><\/tr>\r\n      <tr style=\"background-color: #f9f9f9;\"><td><\/td><td>1 cahier de texte ou agenda<\/td><\/tr>\r\n\r\n      <tr><td style=\"padding: 10px; border: 1px solid #ddd; font-weight: bold; background-color: #fdf2f0; color: #58101a;\">\u00c9criture<\/td>\r\n        <td style=\"padding: 10px; border: 1px solid #ddd;\">6 crayons \u00e0 papier HB<\/td>\r\n      <\/tr>\r\n      <tr style=\"background-color: #f9f9f9;\"><td><\/td><td>6 stylos : 2 bleus, 2 verts, 2 rouges<\/td><\/tr>\r\n      <tr><td><\/td><td>10 feutres Vell\u00e9da fins bleus (pour ardoise)<\/td><\/tr>\r\n      <tr style=\"background-color: #f9f9f9;\"><td><\/td><td>1 bo\u00eete de 12 crayons de couleur<\/td><\/tr>\r\n      <tr><td><\/td><td>2 gommes blanches<\/td><\/tr>\r\n\r\n      <tr><td style=\"padding: 10px; border: 1px solid #ddd; font-weight: bold; background-color: #fdf2f0; color: #58101a;\">Outils<\/td>\r\n        <td style=\"padding: 10px; border: 1px solid #ddd;\">1 r\u00e8gle en plastique transparent<\/td>\r\n      <\/tr>\r\n      <tr style=\"background-color: #f9f9f9;\"><td><\/td><td>1 \u00e9querre<\/td><\/tr>\r\n      <tr><td><\/td><td>1 compas<\/td><\/tr>\r\n      <tr style=\"background-color: #f9f9f9;\"><td><\/td><td>1 rapporteur<\/td><\/tr>\r\n      <tr><td><\/td><td>1 taille-crayon avec r\u00e9servoir<\/td><\/tr>\r\n\r\n      <tr><td style=\"padding: 10px; border: 1px solid #ddd; font-weight: bold; background-color: #fdf2f0; color: #58101a;\">Autres<\/td>\r\n        <td style=\"padding: 10px; border: 1px solid #ddd;\">1 ardoise Vell\u00e9da avec chiffon<\/td>\r\n      <\/tr>\r\n      <tr style=\"background-color: #f9f9f9;\"><td><\/td><td>1 rame de papier A4<\/td><\/tr>\r\n      <tr><td><\/td><td>2 b\u00e2tons de colle<\/td><\/tr>\r\n      <tr style=\"background-color: #f9f9f9;\"><td><\/td><td>2 bo\u00eetes de mouchoirs jetables<\/td><\/tr>\r\n      <tr><td><\/td><td>1 gourde en m\u00e9tal<\/td><\/tr>\r\n      <tr style=\"background-color: #f9f9f9;\"><td><\/td><td>2 trousses pour le mat\u00e9riel<\/td><\/tr>\r\n    <\/tbody>\r\n  <\/table>\r\n\r\n  <!-- Bouton PDF -->\r\n  <div style=\"    text-align: center;    margin: 25px 0;  \">\r\n    <a \r\n      href=\"http:\/\/censenegal.com\/wp-content\/uploads\/2025\/08\/LISTE-FOURN-CM1-CENSENEGAL.pdf\"\r\n      download=\"liste-fournitures-cm1-censenegal.pdf\"\r\n      target=\"_blank\"\r\n      style=\"        display: inline-block;        background-color: #58101a;        color: white;        padding: 14px 24px;        font-size: 16px;        font-weight: bold;        text-decoration: none;        border-radius: 8px;        box-shadow: 0 4px 6px rgba(0,0,0,0.1);      \"\r\n      onmouseover=\"this.style.backgroundColor='#e18d06'\"\r\n      onmouseout=\"this.style.backgroundColor='#58101a'\"\r\n    >\r\n      \ud83d\udce5 T\u00e9l\u00e9charger la liste (PDF)\r\n    <\/a>\r\n    <p style=\"      color: #58101a;      margin-top: 10px;      font-size: 14px;    \">\r\n      Liste officielle \u2013 Ann\u00e9e 2025-2026\r\n    <\/p>\r\n  <\/div>\r\n\r\n  <!-- Message de fin -->\r\n  <p style=\"text-align: center; font-size: 16px; margin-top: 30px; color: #58101a; font-weight: 500;\">\r\n    \ud83d\ude4f Merci de votre confiance et de votre collaboration pour une rentr\u00e9e r\u00e9ussie !<br>\r\n    Pour toute information, contactez-nous \u00e0 <a href=\"mailto:contact@censenegal.com\" style=\"color: #e18d06; font-weight: bold; text-decoration: none;\">contact@censenegal.com<\/a> ou au <strong>+221 77 162 46 20 \/ +221 76 870 31 28<\/strong>.\r\n  <\/p>\r\n\r\n<\/div>\t\t\t\t<\/div>\n\t\t\t\t<\/div>\n\t\t\t\t\t<\/div>\n\t\t\t\t<\/div>\n\t\t\t\t<\/div>","protected":false},"excerpt":{"rendered":"<p>\ud83d\udccb Liste des Fournitures Scolaires Classe de CM1 \u2013 Ann\u00e9e Scolaire 2025-2026 \ud83d\udd16 Important : Veuillez marquer tout le mat\u00e9riel au nom de votre enfant. \ud83d\udcd8 Manuels Scolaires (DIDAKTIKOS) Mati\u00e8re Math\u00e9matique Langues et Communication Lecture \u00c9criture D\u00e9couverte du monde D\u00e9veloppement durable Dictionnaire Larousse \ud83d\udcce Fournitures Scolaires Cat\u00e9gorie Article Cahiers 3 cahiers (24 x 32 cm),&#8230;<\/p>","protected":false},"author":1,"featured_media":0,"parent":0,"menu_order":0,"comment_status":"closed","ping_status":"closed","template":"","meta":{"footnotes":""},"class_list":["post-8079","page","type-page","status-publish","hentry"],"yoast_head":"<!-- This site is optimized with the Yoast SEO Premium plugin v25.2 (Yoast SEO v25.3) - https:\/\/yoast.com\/wordpress\/plugins\/seo\/ -->\n<title>Liste Fournitures CM1 CEN S\u00e9n\u00e9gal 2024-2025 | PDF Officiel<\/title>\n<meta name=\"description\" content=\"T\u00e9l\u00e9chargez la liste des fournitures pour le CM1 au CEN S\u00e9n\u00e9gal 2024-2025 : manuels, cahiers, compas, gourde et mat\u00e9riel \u00e0 marquer. Document officiel.\" \/>\n<meta name=\"robots\" content=\"index, follow, max-snippet:-1, max-image-preview:large, max-video-preview:-1\" \/>\n<link rel=\"canonical\" href=\"https:\/\/censenegal.com\/en\/liste-fournitures-scolaires-cm1-cen-senegal\/\" \/>\n<meta property=\"og:locale\" content=\"en_US\" \/>\n<meta property=\"og:type\" content=\"article\" \/>\n<meta property=\"og:title\" content=\"Liste Fournitures Scolaires CM1 Cen S\u00e9n\u00e9gal\" \/>\n<meta property=\"og:description\" content=\"T\u00e9l\u00e9chargez la liste des fournitures pour le CM1 au CEN S\u00e9n\u00e9gal 2024-2025 : manuels, cahiers, compas, gourde et mat\u00e9riel \u00e0 marquer. Document officiel.\" \/>\n<meta property=\"og:url\" content=\"https:\/\/censenegal.com\/en\/liste-fournitures-scolaires-cm1-cen-senegal\/\" \/>\n<meta property=\"og:site_name\" content=\"censenegal.com\" \/>\n<meta property=\"article:modified_time\" content=\"2026-03-03T10:58:56+00:00\" \/>\n<meta name=\"twitter:card\" content=\"summary_large_image\" \/>\n<meta name=\"twitter:label1\" content=\"Est. reading time\" \/>\n\t<meta name=\"twitter:data1\" content=\"1 minute\" \/>\n<script type=\"application\/ld+json\" class=\"yoast-schema-graph\">{\"@context\":\"https:\/\/schema.org\",\"@graph\":[{\"@type\":\"WebPage\",\"@id\":\"https:\/\/censenegal.com\/liste-fournitures-scolaires-cm1-cen-senegal\/\",\"url\":\"https:\/\/censenegal.com\/liste-fournitures-scolaires-cm1-cen-senegal\/\",\"name\":\"Liste Fournitures CM1 CEN S\u00e9n\u00e9gal 2024-2025 | PDF Officiel\",\"isPartOf\":{\"@id\":\"https:\/\/censenegal.com\/#website\"},\"datePublished\":\"2025-08-09T10:52:50+00:00\",\"dateModified\":\"2026-03-03T10:58:56+00:00\",\"description\":\"T\u00e9l\u00e9chargez la liste des fournitures pour le CM1 au CEN S\u00e9n\u00e9gal 2024-2025 : manuels, cahiers, compas, gourde et mat\u00e9riel \u00e0 marquer. Document officiel.\",\"breadcrumb\":{\"@id\":\"https:\/\/censenegal.com\/liste-fournitures-scolaires-cm1-cen-senegal\/#breadcrumb\"},\"inLanguage\":\"en-US\",\"potentialAction\":[{\"@type\":\"ReadAction\",\"target\":[\"https:\/\/censenegal.com\/liste-fournitures-scolaires-cm1-cen-senegal\/\"]}]},{\"@type\":\"BreadcrumbList\",\"@id\":\"https:\/\/censenegal.com\/liste-fournitures-scolaires-cm1-cen-senegal\/#breadcrumb\",\"itemListElement\":[{\"@type\":\"ListItem\",\"position\":1,\"name\":\"Home\",\"item\":\"https:\/\/censenegal.com\/\"},{\"@type\":\"ListItem\",\"position\":2,\"name\":\"Liste Fournitures Scolaires CM1 Cen S\u00e9n\u00e9gal\"}]},{\"@type\":\"WebSite\",\"@id\":\"https:\/\/censenegal.com\/#website\",\"url\":\"https:\/\/censenegal.com\/\",\"name\":\"censenegal.com\",\"description\":\"Cosaan Education Network, bilingue et fi\u00e8rement africaine.\",\"potentialAction\":[{\"@type\":\"SearchAction\",\"target\":{\"@type\":\"EntryPoint\",\"urlTemplate\":\"https:\/\/censenegal.com\/?s={search_term_string}\"},\"query-input\":{\"@type\":\"PropertyValueSpecification\",\"valueRequired\":true,\"valueName\":\"search_term_string\"}}],\"inLanguage\":\"en-US\"}]}<\/script>\n<!-- \/ Yoast SEO Premium plugin. -->","yoast_head_json":{"title":"Liste Fournitures CM1 CEN S\u00e9n\u00e9gal 2024-2025 | PDF Officiel","description":"T\u00e9l\u00e9chargez la liste des fournitures pour le CM1 au CEN S\u00e9n\u00e9gal 2024-2025 : manuels, cahiers, compas, gourde et mat\u00e9riel \u00e0 marquer. Document officiel.","robots":{"index":"index","follow":"follow","max-snippet":"max-snippet:-1","max-image-preview":"max-image-preview:large","max-video-preview":"max-video-preview:-1"},"canonical":"https:\/\/censenegal.com\/en\/liste-fournitures-scolaires-cm1-cen-senegal\/","og_locale":"en_US","og_type":"article","og_title":"Liste Fournitures Scolaires CM1 Cen S\u00e9n\u00e9gal","og_description":"T\u00e9l\u00e9chargez la liste des fournitures pour le CM1 au CEN S\u00e9n\u00e9gal 2024-2025 : manuels, cahiers, compas, gourde et mat\u00e9riel \u00e0 marquer. Document officiel.","og_url":"https:\/\/censenegal.com\/en\/liste-fournitures-scolaires-cm1-cen-senegal\/","og_site_name":"censenegal.com","article_modified_time":"2026-03-03T10:58:56+00:00","twitter_card":"summary_large_image","twitter_misc":{"Est. reading time":"1 minute"},"schema":{"@context":"https:\/\/schema.org","@graph":[{"@type":"WebPage","@id":"https:\/\/censenegal.com\/liste-fournitures-scolaires-cm1-cen-senegal\/","url":"https:\/\/censenegal.com\/liste-fournitures-scolaires-cm1-cen-senegal\/","name":"Liste Fournitures CM1 CEN S\u00e9n\u00e9gal 2024-2025 | PDF Officiel","isPartOf":{"@id":"https:\/\/censenegal.com\/#website"},"datePublished":"2025-08-09T10:52:50+00:00","dateModified":"2026-03-03T10:58:56+00:00","description":"T\u00e9l\u00e9chargez la liste des fournitures pour le CM1 au CEN S\u00e9n\u00e9gal 2024-2025 : manuels, cahiers, compas, gourde et mat\u00e9riel \u00e0 marquer. Document officiel.","breadcrumb":{"@id":"https:\/\/censenegal.com\/liste-fournitures-scolaires-cm1-cen-senegal\/#breadcrumb"},"inLanguage":"en-US","potentialAction":[{"@type":"ReadAction","target":["https:\/\/censenegal.com\/liste-fournitures-scolaires-cm1-cen-senegal\/"]}]},{"@type":"BreadcrumbList","@id":"https:\/\/censenegal.com\/liste-fournitures-scolaires-cm1-cen-senegal\/#breadcrumb","itemListElement":[{"@type":"ListItem","position":1,"name":"Home","item":"https:\/\/censenegal.com\/"},{"@type":"ListItem","position":2,"name":"Liste Fournitures Scolaires CM1 Cen S\u00e9n\u00e9gal"}]},{"@type":"WebSite","@id":"https:\/\/censenegal.com\/#website","url":"https:\/\/censenegal.com\/","name":"censenegal.com","description":"Cosaan Education Network, bilingue et fi\u00e8rement africaine.","potentialAction":[{"@type":"SearchAction","target":{"@type":"EntryPoint","urlTemplate":"https:\/\/censenegal.com\/?s={search_term_string}"},"query-input":{"@type":"PropertyValueSpecification","valueRequired":true,"valueName":"search_term_string"}}],"inLanguage":"en-US"}]}},"_links":{"self":[{"href":"https:\/\/censenegal.com\/en\/wp-json\/wp\/v2\/pages\/8079","targetHints":{"allow":["GET"]}}],"collection":[{"href":"https:\/\/censenegal.com\/en\/wp-json\/wp\/v2\/pages"}],"about":[{"href":"https:\/\/censenegal.com\/en\/wp-json\/wp\/v2\/types\/page"}],"author":[{"embeddable":true,"href":"https:\/\/censenegal.com\/en\/wp-json\/wp\/v2\/users\/1"}],"replies":[{"embeddable":true,"href":"https:\/\/censenegal.com\/en\/wp-json\/wp\/v2\/comments?post=8079"}],"version-history":[{"count":7,"href":"https:\/\/censenegal.com\/en\/wp-json\/wp\/v2\/pages\/8079\/revisions"}],"predecessor-version":[{"id":8272,"href":"https:\/\/censenegal.com\/en\/wp-json\/wp\/v2\/pages\/8079\/revisions\/8272"}],"wp:attachment":[{"href":"https:\/\/censenegal.com\/en\/wp-json\/wp\/v2\/media?parent=8079"}],"curies":[{"name":"wp","href":"https:\/\/api.w.org\/{rel}","templated":true}]}}